{"id":5074,"date":"2025-04-14T16:14:26","date_gmt":"2025-04-14T16:14:26","guid":{"rendered":"https:\/\/bellaitaliacycling.com\/wo-sie-am-gardasee-schlafen-koennen\/"},"modified":"2025-05-16T10:33:35","modified_gmt":"2025-05-16T10:33:35","slug":"wo-sie-am-gardasee-schlafen-koennen","status":"publish","type":"page","link":"https:\/\/bellaitaliacycling.com\/de\/wo-sie-am-gardasee-schlafen-koennen\/","title":{"rendered":"Wo Sie am Gardasee schlafen k\u00f6nnen"},"content":{"rendered":"\t\t<div data-elementor-type=\"wp-page\" data-elementor-id=\"5074\" class=\"elementor elementor-5074 elementor-4881\" data-elementor-post-type=\"page\">\n\t\t\t\t<div class=\"elementor-element elementor-element-ab3a757 e-flex e-con-boxed e-con e-parent\" data-id=\"ab3a757\" data-element_type=\"container\" data-settings=\"{&quot;background_background&quot;:&quot;classic&quot;}\">\n\t\t\t\t\t<div class=\"e-con-inner\">\n\t\t\t\t<div class=\"elementor-element elementor-element-4b3bcb6 elementor-widget elementor-widget-heading\" data-id=\"4b3bcb6\" data-element_type=\"widget\" data-widget_type=\"heading.default\">\n\t\t\t\t<div class=\"elementor-widget-container\">\n\t\t\t\t\t<h3 class=\"elementor-heading-title elementor-size-default\">Sind Sie auf der Suche nach einem Hotel oder einem B&amp;B am Gardasee? Wir haben einige Vorschl\u00e4ge, die genau das Richtige f\u00fcr Sie sind. <\/h3>\t\t\t\t<\/div>\n\t\t\t\t<\/div>\n\t\t\t\t\t<\/div>\n\t\t\t\t<\/div>\n\t\t<div class=\"elementor-element elementor-element-b2e5653 e-flex e-con-boxed e-con e-parent\" data-id=\"b2e5653\" data-element_type=\"container\">\n\t\t\t\t\t<div class=\"e-con-inner\">\n\t\t<div class=\"elementor-element elementor-element-a54858b e-con-full e-flex e-con e-child\" data-id=\"a54858b\" data-element_type=\"container\">\n\t\t\t\t<div class=\"elementor-element elementor-element-92f0090 elementor-widget elementor-widget-image\" data-id=\"92f0090\" data-element_type=\"widget\" data-widget_type=\"image.default\">\n\t\t\t\t<div class=\"elementor-widget-container\">\n\t\t\t\t\t\t\t\t\t\t\t\t\t\t\t<img fetchpriority=\"high\" decoding=\"async\" width=\"1920\" height=\"1080\" src=\"https:\/\/bellaitaliacycling.com\/wp-content\/uploads\/2025\/04\/borgo-stazione.jpg\" class=\"attachment-full size-full wp-image-4910\" alt=\"\" srcset=\"https:\/\/bellaitaliacycling.com\/wp-content\/uploads\/2025\/04\/borgo-stazione.jpg 1920w, https:\/\/bellaitaliacycling.com\/wp-content\/uploads\/2025\/04\/borgo-stazione-300x169.jpg 300w, https:\/\/bellaitaliacycling.com\/wp-content\/uploads\/2025\/04\/borgo-stazione-1024x576.jpg 1024w, https:\/\/bellaitaliacycling.com\/wp-content\/uploads\/2025\/04\/borgo-stazione-768x432.jpg 768w, https:\/\/bellaitaliacycling.com\/wp-content\/uploads\/2025\/04\/borgo-stazione-1536x864.jpg 1536w, https:\/\/bellaitaliacycling.com\/wp-content\/uploads\/2025\/04\/borgo-stazione-600x338.jpg 600w\" sizes=\"(max-width: 1920px) 100vw, 1920px\" \/>\t\t\t\t\t\t\t\t\t\t\t\t\t\t\t<\/div>\n\t\t\t\t<\/div>\n\t\t\t\t<div class=\"elementor-element elementor-element-8dee357 elementor-widget elementor-widget-heading\" data-id=\"8dee357\" data-element_type=\"widget\" data-widget_type=\"heading.default\">\n\t\t\t\t<div class=\"elementor-widget-container\">\n\t\t\t\t\t<h2 class=\"elementor-heading-title elementor-size-default\"><a href=\"https:\/\/www.borgostazione.com\/\" target=\"_blank\">Bahnhof Borgo<\/a><\/h2>\t\t\t\t<\/div>\n\t\t\t\t<\/div>\n\t\t\t\t<div class=\"elementor-element elementor-element-2a081c2 elementor-icon-list--layout-traditional elementor-list-item-link-full_width elementor-widget elementor-widget-icon-list\" data-id=\"2a081c2\" data-element_type=\"widget\" data-widget_type=\"icon-list.default\">\n\t\t\t\t<div class=\"elementor-widget-container\">\n\t\t\t\t\t\t\t<ul class=\"elementor-icon-list-items\">\n\t\t\t\t\t\t\t<li class=\"elementor-icon-list-item\">\n\t\t\t\t\t\t\t\t\t\t\t<span class=\"elementor-icon-list-icon\">\n\t\t\t\t\t\t\t<svg aria-hidden=\"true\" class=\"e-font-icon-svg e-fas-map-marker-alt\" viewBox=\"0 0 384 512\" xmlns=\"http:\/\/www.w3.org\/2000\/svg\"><path d=\"M172.268 501.67C26.97 291.031 0 269.413 0 192 0 85.961 85.961 0 192 0s192 85.961 192 192c0 77.413-26.97 99.031-172.268 309.67-9.535 13.774-29.93 13.773-39.464 0zM192 272c44.183 0 80-35.817 80-80s-35.817-80-80-80-80 35.817-80 80 35.817 80 80 80z\"><\/path><\/svg>\t\t\t\t\t\t<\/span>\n\t\t\t\t\t\t\t\t\t\t<span class=\"elementor-icon-list-text\">Valeggio sul Mincio<\/span>\n\t\t\t\t\t\t\t\t\t<\/li>\n\t\t\t\t\t\t<\/ul>\n\t\t\t\t\t\t<\/div>\n\t\t\t\t<\/div>\n\t\t\t\t<div class=\"elementor-element elementor-element-cc3bc1a elementor-widget elementor-widget-text-editor\" data-id=\"cc3bc1a\" data-element_type=\"widget\" data-widget_type=\"text-editor.default\">\n\t\t\t\t<div class=\"elementor-widget-container\">\n\t\t\t\t\t\t\t\t\t<p><span class=\"relative -mx-px my-[-0.2rem] rounded px-px py-[0.2rem] transition-colors duration-100 ease-in-out\">Das <strong data-start=\"3\" data-end=\"30\">Borgo Stazione Bike Inn<\/strong> ist eine einzigartige Unterkunft in Salionze, einem Ortsteil von Valeggio sul Mincio (VR), die <strong>aus der Restaurierung eines historischen Bahnhofs hervorgegangen<\/strong> ist.<\/span> <span class=\"relative -mx-px my-[-0.2rem] rounded px-px py-[0.2rem] transition-colors duration-100 ease-in-out\">Eingebettet in die Natur der Mor\u00e4nenh\u00fcgel ist es ideal f\u00fcr alle, die einen Urlaub im Zeichen von Entspannung, Wellness und Radfahren verbringen m\u00f6chten. <\/span> <\/p><p><span class=\"relative -mx-px my-[-0.2rem] rounded px-px py-[0.2rem] transition-colors duration-100 ease-in-out\">Es bietet eine Vielzahl von Unterkunftsm\u00f6glichkeiten, darunter das <strong>Baumhaus<\/strong>, das <strong data-start=\"0\" data-end=\"29\" data-is-only-node=\"\">Zimmer mit elastischer H\u00e4ngematte<\/strong> auf zwei Ebenen und den haustierfreundlichen<strong data-start=\"0\" data-end=\"23\" data-is-only-node=\"\">Wohnwagen<\/strong> mit K\u00fcche und Garten.<\/span><\/p>\t\t\t\t\t\t\t\t<\/div>\n\t\t\t\t<\/div>\n\t\t\t\t<div class=\"elementor-element elementor-element-9a5ca3b elementor-widget__width-auto elementor-widget elementor-widget-button\" data-id=\"9a5ca3b\" data-element_type=\"widget\" data-widget_type=\"button.default\">\n\t\t\t\t<div class=\"elementor-widget-container\">\n\t\t\t\t\t\t\t\t\t<div class=\"elementor-button-wrapper\">\n\t\t\t\t\t<a class=\"elementor-button elementor-button-link elementor-size-sm elementor-animation-float\" href=\"https:\/\/www.borgostazione.com\/\" target=\"_blank\">\n\t\t\t\t\t\t<span class=\"elementor-button-content-wrapper\">\n\t\t\t\t\t\t\t\t\t<span class=\"elementor-button-text\">Gehen Sie zum Hotel<\/span>\n\t\t\t\t\t<\/span>\n\t\t\t\t\t<\/a>\n\t\t\t\t<\/div>\n\t\t\t\t\t\t\t\t<\/div>\n\t\t\t\t<\/div>\n\t\t\t\t<\/div>\n\t\t<div class=\"elementor-element elementor-element-866019a e-con-full e-flex e-con e-child\" data-id=\"866019a\" data-element_type=\"container\">\n\t\t\t\t<div class=\"elementor-element elementor-element-05a25a3 elementor-widget elementor-widget-image\" data-id=\"05a25a3\" data-element_type=\"widget\" data-widget_type=\"image.default\">\n\t\t\t\t<div class=\"elementor-widget-container\">\n\t\t\t\t\t\t\t\t\t\t\t\t\t\t\t<img decoding=\"async\" width=\"1920\" height=\"1500\" src=\"https:\/\/bellaitaliacycling.com\/wp-content\/uploads\/2025\/04\/relais-corte-cavalli.jpg\" class=\"attachment-full size-full wp-image-4914\" alt=\"\" srcset=\"https:\/\/bellaitaliacycling.com\/wp-content\/uploads\/2025\/04\/relais-corte-cavalli.jpg 1920w, https:\/\/bellaitaliacycling.com\/wp-content\/uploads\/2025\/04\/relais-corte-cavalli-300x234.jpg 300w, https:\/\/bellaitaliacycling.com\/wp-content\/uploads\/2025\/04\/relais-corte-cavalli-1024x800.jpg 1024w, https:\/\/bellaitaliacycling.com\/wp-content\/uploads\/2025\/04\/relais-corte-cavalli-768x600.jpg 768w, https:\/\/bellaitaliacycling.com\/wp-content\/uploads\/2025\/04\/relais-corte-cavalli-1536x1200.jpg 1536w, https:\/\/bellaitaliacycling.com\/wp-content\/uploads\/2025\/04\/relais-corte-cavalli-600x469.jpg 600w\" sizes=\"(max-width: 1920px) 100vw, 1920px\" \/>\t\t\t\t\t\t\t\t\t\t\t\t\t\t\t<\/div>\n\t\t\t\t<\/div>\n\t\t\t\t<div class=\"elementor-element elementor-element-2dc52b5 elementor-widget elementor-widget-heading\" data-id=\"2dc52b5\" data-element_type=\"widget\" data-widget_type=\"heading.default\">\n\t\t\t\t<div class=\"elementor-widget-container\">\n\t\t\t\t\t<h2 class=\"elementor-heading-title elementor-size-default\"><a href=\"https:\/\/www.relaiscortecavalli.com\/\" target=\"_blank\">Relais corte cavalli<\/a><\/h2>\t\t\t\t<\/div>\n\t\t\t\t<\/div>\n\t\t\t\t<div class=\"elementor-element elementor-element-aa11308 elementor-icon-list--layout-traditional elementor-list-item-link-full_width elementor-widget elementor-widget-icon-list\" data-id=\"aa11308\" data-element_type=\"widget\" data-widget_type=\"icon-list.default\">\n\t\t\t\t<div class=\"elementor-widget-container\">\n\t\t\t\t\t\t\t<ul class=\"elementor-icon-list-items\">\n\t\t\t\t\t\t\t<li class=\"elementor-icon-list-item\">\n\t\t\t\t\t\t\t\t\t\t\t<span class=\"elementor-icon-list-icon\">\n\t\t\t\t\t\t\t<svg aria-hidden=\"true\" class=\"e-font-icon-svg e-fas-map-marker-alt\" viewBox=\"0 0 384 512\" xmlns=\"http:\/\/www.w3.org\/2000\/svg\"><path d=\"M172.268 501.67C26.97 291.031 0 269.413 0 192 0 85.961 85.961 0 192 0s192 85.961 192 192c0 77.413-26.97 99.031-172.268 309.67-9.535 13.774-29.93 13.773-39.464 0zM192 272c44.183 0 80-35.817 80-80s-35.817-80-80-80-80 35.817-80 80 35.817 80 80 80z\"><\/path><\/svg>\t\t\t\t\t\t<\/span>\n\t\t\t\t\t\t\t\t\t\t<span class=\"elementor-icon-list-text\">Ponti sul Mincio<\/span>\n\t\t\t\t\t\t\t\t\t<\/li>\n\t\t\t\t\t\t<\/ul>\n\t\t\t\t\t\t<\/div>\n\t\t\t\t<\/div>\n\t\t\t\t<div class=\"elementor-element elementor-element-5209d2f elementor-widget elementor-widget-text-editor\" data-id=\"5209d2f\" data-element_type=\"widget\" data-widget_type=\"text-editor.default\">\n\t\t\t\t<div class=\"elementor-widget-container\">\n\t\t\t\t\t\t\t\t\t<p><span class=\"relative -mx-px my-[-0.2rem] rounded px-px py-[0.2rem] transition-colors duration-100 ease-in-out\">Das <strong data-start=\"3\" data-end=\"27\">Relais Corte Cavalli<\/strong> ist ein elegantes <strong>4-Sterne-Hotel<\/strong> in <strong>Ponti sul Mincio<\/strong>, eingebettet in die Mor\u00e4nenh\u00fcgel des Gardasees.<\/span> <span class=\"relative -mx-px my-[-0.2rem] rounded px-px py-[0.2rem] transition-colors duration-100 ease-in-out\">Es ist in einem Landgut aus dem 16. Jahrhundert untergebracht und bietet ein Erlebnis, das Geschichte, Natur und modernen Komfort miteinander verbindet<\/span>.<\/p><p><span class=\"relative -mx-px my-[-0.2rem] rounded px-px py-[0.2rem] transition-colors duration-100 ease-in-out\">Das Relais liegt etwa <strong>2 km von Peschiera del Garda entfernt<\/strong> und ist ein idealer Ausgangspunkt, um den See zu erkunden und Sirmione oder Verona zu besuchen.<\/span> <span class=\"relative -mx-px my-[-0.2rem] rounded px-px py-[0.2rem] transition-colors duration-100 ease-in-out\">Es ist auch ein <strong>fahrradfreundliches<\/strong> Haus, mit Fahrradverleih und Radwegen in der N\u00e4he.<\/span><\/p>\t\t\t\t\t\t\t\t<\/div>\n\t\t\t\t<\/div>\n\t\t\t\t<div class=\"elementor-element elementor-element-7de8740 elementor-widget__width-auto elementor-widget elementor-widget-button\" data-id=\"7de8740\" data-element_type=\"widget\" data-widget_type=\"button.default\">\n\t\t\t\t<div class=\"elementor-widget-container\">\n\t\t\t\t\t\t\t\t\t<div class=\"elementor-button-wrapper\">\n\t\t\t\t\t<a class=\"elementor-button elementor-button-link elementor-size-sm elementor-animation-float\" href=\"https:\/\/www.relaiscortecavalli.com\/\" target=\"_blank\">\n\t\t\t\t\t\t<span class=\"elementor-button-content-wrapper\">\n\t\t\t\t\t\t\t\t\t<span class=\"elementor-button-text\">Besuchen Sie das Relais<\/span>\n\t\t\t\t\t<\/span>\n\t\t\t\t\t<\/a>\n\t\t\t\t<\/div>\n\t\t\t\t\t\t\t\t<\/div>\n\t\t\t\t<\/div>\n\t\t\t\t<\/div>\n\t\t\t\t\t<\/div>\n\t\t\t\t<\/div>\n\t\t\t\t<\/div>\n\t\t","protected":false},"excerpt":{"rendered":"<p>Sind Sie auf der Suche nach einem Hotel oder einem B&amp;B am Gardasee? Wir haben einige Vorschl\u00e4ge, die genau das Richtige f\u00fcr Sie sind. Bahnhof Borgo Valeggio sul Mincio Das Borgo Stazione Bike Inn ist eine einzigartige Unterkunft in Salionze, einem Ortsteil von Valeggio sul Mincio (VR), die aus der Restaurierung eines historischen Bahnhofs hervorgegangen [&hellip;]<\/p>\n","protected":false},"author":1,"featured_media":0,"parent":0,"menu_order":0,"comment_status":"closed","ping_status":"closed","template":"","meta":{"_acf_changed":false,"footnotes":""},"class_list":["post-5074","page","type-page","status-publish","hentry"],"acf":[],"yoast_head":"<!-- This site is optimized with the Yoast SEO plugin v26.3 - https:\/\/yoast.com\/wordpress\/plugins\/seo\/ -->\n<title>Wo Sie am Gardasee schlafen k\u00f6nnen - Bella Italia Cycling<\/title>\n<meta name=\"robots\" content=\"index, follow, max-snippet:-1, max-image-preview:large, max-video-preview:-1\" \/>\n<link rel=\"canonical\" href=\"https:\/\/bellaitaliacycling.com\/de\/wo-sie-am-gardasee-schlafen-koennen\/\" \/>\n<meta property=\"og:locale\" content=\"de_DE\" \/>\n<meta property=\"og:type\" content=\"article\" \/>\n<meta property=\"og:title\" content=\"Wo Sie am Gardasee schlafen k\u00f6nnen - Bella Italia Cycling\" \/>\n<meta property=\"og:description\" content=\"Sind Sie auf der Suche nach einem Hotel oder einem B&amp;B am Gardasee? Wir haben einige Vorschl\u00e4ge, die genau das Richtige f\u00fcr Sie sind. Bahnhof Borgo Valeggio sul Mincio Das Borgo Stazione Bike Inn ist eine einzigartige Unterkunft in Salionze, einem Ortsteil von Valeggio sul Mincio (VR), die aus der Restaurierung eines historischen Bahnhofs hervorgegangen [&hellip;]\" \/>\n<meta property=\"og:url\" content=\"https:\/\/bellaitaliacycling.com\/de\/wo-sie-am-gardasee-schlafen-koennen\/\" \/>\n<meta property=\"og:site_name\" content=\"Bella Italia Cycling\" \/>\n<meta property=\"article:publisher\" content=\"https:\/\/www.facebook.com\/p\/Bella-Italia-CYcling-61557438540626\/\" \/>\n<meta property=\"article:modified_time\" content=\"2025-05-16T10:33:35+00:00\" \/>\n<meta property=\"og:image\" content=\"https:\/\/bellaitaliacycling.com\/wp-content\/uploads\/2025\/04\/borgo-stazione.jpg\" \/>\n\t<meta property=\"og:image:width\" content=\"1920\" \/>\n\t<meta property=\"og:image:height\" content=\"1080\" \/>\n\t<meta property=\"og:image:type\" content=\"image\/jpeg\" \/>\n<meta name=\"twitter:card\" content=\"summary_large_image\" \/>\n<meta name=\"twitter:label1\" content=\"Gesch\u00e4tzte Lesezeit\" \/>\n\t<meta name=\"twitter:data1\" content=\"1\u00a0Minute\" \/>\n<script type=\"application\/ld+json\" class=\"yoast-schema-graph\">{\"@context\":\"https:\/\/schema.org\",\"@graph\":[{\"@type\":\"WebPage\",\"@id\":\"https:\/\/bellaitaliacycling.com\/de\/wo-sie-am-gardasee-schlafen-koennen\/\",\"url\":\"https:\/\/bellaitaliacycling.com\/de\/wo-sie-am-gardasee-schlafen-koennen\/\",\"name\":\"Wo Sie am Gardasee schlafen k\u00f6nnen - Bella Italia Cycling\",\"isPartOf\":{\"@id\":\"https:\/\/bellaitaliacycling.com\/de\/#website\"},\"primaryImageOfPage\":{\"@id\":\"https:\/\/bellaitaliacycling.com\/de\/wo-sie-am-gardasee-schlafen-koennen\/#primaryimage\"},\"image\":{\"@id\":\"https:\/\/bellaitaliacycling.com\/de\/wo-sie-am-gardasee-schlafen-koennen\/#primaryimage\"},\"thumbnailUrl\":\"https:\/\/bellaitaliacycling.com\/wp-content\/uploads\/2025\/04\/borgo-stazione.jpg\",\"datePublished\":\"2025-04-14T16:14:26+00:00\",\"dateModified\":\"2025-05-16T10:33:35+00:00\",\"breadcrumb\":{\"@id\":\"https:\/\/bellaitaliacycling.com\/de\/wo-sie-am-gardasee-schlafen-koennen\/#breadcrumb\"},\"inLanguage\":\"de\",\"potentialAction\":[{\"@type\":\"ReadAction\",\"target\":[\"https:\/\/bellaitaliacycling.com\/de\/wo-sie-am-gardasee-schlafen-koennen\/\"]}]},{\"@type\":\"ImageObject\",\"inLanguage\":\"de\",\"@id\":\"https:\/\/bellaitaliacycling.com\/de\/wo-sie-am-gardasee-schlafen-koennen\/#primaryimage\",\"url\":\"https:\/\/bellaitaliacycling.com\/wp-content\/uploads\/2025\/04\/borgo-stazione.jpg\",\"contentUrl\":\"https:\/\/bellaitaliacycling.com\/wp-content\/uploads\/2025\/04\/borgo-stazione.jpg\"},{\"@type\":\"BreadcrumbList\",\"@id\":\"https:\/\/bellaitaliacycling.com\/de\/wo-sie-am-gardasee-schlafen-koennen\/#breadcrumb\",\"itemListElement\":[{\"@type\":\"ListItem\",\"position\":1,\"name\":\"Startseite\",\"item\":\"https:\/\/bellaitaliacycling.com\/de\/\"},{\"@type\":\"ListItem\",\"position\":2,\"name\":\"Wo Sie am Gardasee schlafen k\u00f6nnen\"}]},{\"@type\":\"WebSite\",\"@id\":\"https:\/\/bellaitaliacycling.com\/de\/#website\",\"url\":\"https:\/\/bellaitaliacycling.com\/de\/\",\"name\":\"Bella Italia Cycling\",\"description\":\"Noleggio bici sul lago di Garda\",\"publisher\":{\"@id\":\"https:\/\/bellaitaliacycling.com\/de\/#organization\"},\"potentialAction\":[{\"@type\":\"SearchAction\",\"target\":{\"@type\":\"EntryPoint\",\"urlTemplate\":\"https:\/\/bellaitaliacycling.com\/de\/?s={search_term_string}\"},\"query-input\":{\"@type\":\"PropertyValueSpecification\",\"valueRequired\":true,\"valueName\":\"search_term_string\"}}],\"inLanguage\":\"de\"},{\"@type\":\"Organization\",\"@id\":\"https:\/\/bellaitaliacycling.com\/de\/#organization\",\"name\":\"Bella Italia Radfahren\",\"url\":\"https:\/\/bellaitaliacycling.com\/de\/\",\"logo\":{\"@type\":\"ImageObject\",\"inLanguage\":\"de\",\"@id\":\"https:\/\/bellaitaliacycling.com\/de\/#\/schema\/logo\/image\/\",\"url\":\"https:\/\/bellaitaliacycling.com\/wp-content\/uploads\/2024\/12\/logo-bicy-semplice.png\",\"contentUrl\":\"https:\/\/bellaitaliacycling.com\/wp-content\/uploads\/2024\/12\/logo-bicy-semplice.png\",\"width\":1000,\"height\":515,\"caption\":\"Bella Italia Radfahren\"},\"image\":{\"@id\":\"https:\/\/bellaitaliacycling.com\/de\/#\/schema\/logo\/image\/\"},\"sameAs\":[\"https:\/\/www.facebook.com\/p\/Bella-Italia-CYcling-61557438540626\/\"]}]}<\/script>\n<!-- \/ Yoast SEO plugin. -->","yoast_head_json":{"title":"Wo Sie am Gardasee schlafen k\u00f6nnen - Bella Italia Cycling","robots":{"index":"index","follow":"follow","max-snippet":"max-snippet:-1","max-image-preview":"max-image-preview:large","max-video-preview":"max-video-preview:-1"},"canonical":"https:\/\/bellaitaliacycling.com\/de\/wo-sie-am-gardasee-schlafen-koennen\/","og_locale":"de_DE","og_type":"article","og_title":"Wo Sie am Gardasee schlafen k\u00f6nnen - Bella Italia Cycling","og_description":"Sind Sie auf der Suche nach einem Hotel oder einem B&amp;B am Gardasee? Wir haben einige Vorschl\u00e4ge, die genau das Richtige f\u00fcr Sie sind. Bahnhof Borgo Valeggio sul Mincio Das Borgo Stazione Bike Inn ist eine einzigartige Unterkunft in Salionze, einem Ortsteil von Valeggio sul Mincio (VR), die aus der Restaurierung eines historischen Bahnhofs hervorgegangen [&hellip;]","og_url":"https:\/\/bellaitaliacycling.com\/de\/wo-sie-am-gardasee-schlafen-koennen\/","og_site_name":"Bella Italia Cycling","article_publisher":"https:\/\/www.facebook.com\/p\/Bella-Italia-CYcling-61557438540626\/","article_modified_time":"2025-05-16T10:33:35+00:00","og_image":[{"width":1920,"height":1080,"url":"https:\/\/bellaitaliacycling.com\/wp-content\/uploads\/2025\/04\/borgo-stazione.jpg","type":"image\/jpeg"}],"twitter_card":"summary_large_image","twitter_misc":{"Gesch\u00e4tzte Lesezeit":"1\u00a0Minute"},"schema":{"@context":"https:\/\/schema.org","@graph":[{"@type":"WebPage","@id":"https:\/\/bellaitaliacycling.com\/de\/wo-sie-am-gardasee-schlafen-koennen\/","url":"https:\/\/bellaitaliacycling.com\/de\/wo-sie-am-gardasee-schlafen-koennen\/","name":"Wo Sie am Gardasee schlafen k\u00f6nnen - Bella Italia Cycling","isPartOf":{"@id":"https:\/\/bellaitaliacycling.com\/de\/#website"},"primaryImageOfPage":{"@id":"https:\/\/bellaitaliacycling.com\/de\/wo-sie-am-gardasee-schlafen-koennen\/#primaryimage"},"image":{"@id":"https:\/\/bellaitaliacycling.com\/de\/wo-sie-am-gardasee-schlafen-koennen\/#primaryimage"},"thumbnailUrl":"https:\/\/bellaitaliacycling.com\/wp-content\/uploads\/2025\/04\/borgo-stazione.jpg","datePublished":"2025-04-14T16:14:26+00:00","dateModified":"2025-05-16T10:33:35+00:00","breadcrumb":{"@id":"https:\/\/bellaitaliacycling.com\/de\/wo-sie-am-gardasee-schlafen-koennen\/#breadcrumb"},"inLanguage":"de","potentialAction":[{"@type":"ReadAction","target":["https:\/\/bellaitaliacycling.com\/de\/wo-sie-am-gardasee-schlafen-koennen\/"]}]},{"@type":"ImageObject","inLanguage":"de","@id":"https:\/\/bellaitaliacycling.com\/de\/wo-sie-am-gardasee-schlafen-koennen\/#primaryimage","url":"https:\/\/bellaitaliacycling.com\/wp-content\/uploads\/2025\/04\/borgo-stazione.jpg","contentUrl":"https:\/\/bellaitaliacycling.com\/wp-content\/uploads\/2025\/04\/borgo-stazione.jpg"},{"@type":"BreadcrumbList","@id":"https:\/\/bellaitaliacycling.com\/de\/wo-sie-am-gardasee-schlafen-koennen\/#breadcrumb","itemListElement":[{"@type":"ListItem","position":1,"name":"Startseite","item":"https:\/\/bellaitaliacycling.com\/de\/"},{"@type":"ListItem","position":2,"name":"Wo Sie am Gardasee schlafen k\u00f6nnen"}]},{"@type":"WebSite","@id":"https:\/\/bellaitaliacycling.com\/de\/#website","url":"https:\/\/bellaitaliacycling.com\/de\/","name":"Bella Italia Cycling","description":"Noleggio bici sul lago di Garda","publisher":{"@id":"https:\/\/bellaitaliacycling.com\/de\/#organization"},"potentialAction":[{"@type":"SearchAction","target":{"@type":"EntryPoint","urlTemplate":"https:\/\/bellaitaliacycling.com\/de\/?s={search_term_string}"},"query-input":{"@type":"PropertyValueSpecification","valueRequired":true,"valueName":"search_term_string"}}],"inLanguage":"de"},{"@type":"Organization","@id":"https:\/\/bellaitaliacycling.com\/de\/#organization","name":"Bella Italia Radfahren","url":"https:\/\/bellaitaliacycling.com\/de\/","logo":{"@type":"ImageObject","inLanguage":"de","@id":"https:\/\/bellaitaliacycling.com\/de\/#\/schema\/logo\/image\/","url":"https:\/\/bellaitaliacycling.com\/wp-content\/uploads\/2024\/12\/logo-bicy-semplice.png","contentUrl":"https:\/\/bellaitaliacycling.com\/wp-content\/uploads\/2024\/12\/logo-bicy-semplice.png","width":1000,"height":515,"caption":"Bella Italia Radfahren"},"image":{"@id":"https:\/\/bellaitaliacycling.com\/de\/#\/schema\/logo\/image\/"},"sameAs":["https:\/\/www.facebook.com\/p\/Bella-Italia-CYcling-61557438540626\/"]}]}},"_links":{"self":[{"href":"https:\/\/bellaitaliacycling.com\/de\/wp-json\/wp\/v2\/pages\/5074","targetHints":{"allow":["GET"]}}],"collection":[{"href":"https:\/\/bellaitaliacycling.com\/de\/wp-json\/wp\/v2\/pages"}],"about":[{"href":"https:\/\/bellaitaliacycling.com\/de\/wp-json\/wp\/v2\/types\/page"}],"author":[{"embeddable":true,"href":"https:\/\/bellaitaliacycling.com\/de\/wp-json\/wp\/v2\/users\/1"}],"replies":[{"embeddable":true,"href":"https:\/\/bellaitaliacycling.com\/de\/wp-json\/wp\/v2\/comments?post=5074"}],"version-history":[{"count":3,"href":"https:\/\/bellaitaliacycling.com\/de\/wp-json\/wp\/v2\/pages\/5074\/revisions"}],"predecessor-version":[{"id":6311,"href":"https:\/\/bellaitaliacycling.com\/de\/wp-json\/wp\/v2\/pages\/5074\/revisions\/6311"}],"wp:attachment":[{"href":"https:\/\/bellaitaliacycling.com\/de\/wp-json\/wp\/v2\/media?parent=5074"}],"curies":[{"name":"wp","href":"https:\/\/api.w.org\/{rel}","templated":true}]}}