{"id":5087,"date":"2025-04-14T16:03:40","date_gmt":"2025-04-14T16:03:40","guid":{"rendered":"https:\/\/bellaitaliacycling.com\/wo-man-am-gardasee-essen-kann\/"},"modified":"2025-05-09T07:56:17","modified_gmt":"2025-05-09T07:56:17","slug":"wo-man-am-gardasee-essen-kann","status":"publish","type":"page","link":"https:\/\/bellaitaliacycling.com\/de\/wo-man-am-gardasee-essen-kann\/","title":{"rendered":"Wo man am Gardasee essen kann"},"content":{"rendered":"\t\t<div data-elementor-type=\"wp-page\" data-elementor-id=\"5087\" class=\"elementor elementor-5087 elementor-4869\" data-elementor-post-type=\"page\">\n\t\t\t\t<div class=\"elementor-element elementor-element-ab3a757 e-flex e-con-boxed e-con e-parent\" data-id=\"ab3a757\" data-element_type=\"container\" data-settings=\"{&quot;background_background&quot;:&quot;classic&quot;}\">\n\t\t\t\t\t<div class=\"e-con-inner\">\n\t\t\t\t<div class=\"elementor-element elementor-element-4b3bcb6 elementor-widget elementor-widget-heading\" data-id=\"4b3bcb6\" data-element_type=\"widget\" data-widget_type=\"heading.default\">\n\t\t\t\t<div class=\"elementor-widget-container\">\n\t\t\t\t\t<h3 class=\"elementor-heading-title elementor-size-default\">Sie suchen nach einem Ort, an dem Sie zwischen den Radtouren essen k\u00f6nnen? Wir empfehlen es! <\/h3>\t\t\t\t<\/div>\n\t\t\t\t<\/div>\n\t\t\t\t\t<\/div>\n\t\t\t\t<\/div>\n\t\t<div class=\"elementor-element elementor-element-93732dd e-flex e-con-boxed e-con e-parent\" data-id=\"93732dd\" data-element_type=\"container\">\n\t\t\t\t\t<div class=\"e-con-inner\">\n\t\t<div class=\"elementor-element elementor-element-fd667d7 e-con-full e-flex e-con e-child\" data-id=\"fd667d7\" data-element_type=\"container\">\n\t\t\t\t<div class=\"elementor-element elementor-element-f65d703 elementor-widget elementor-widget-image\" data-id=\"f65d703\" data-element_type=\"widget\" data-widget_type=\"image.default\">\n\t\t\t\t<div class=\"elementor-widget-container\">\n\t\t\t\t\t\t\t\t\t\t\t\t\t\t\t<img fetchpriority=\"high\" decoding=\"async\" width=\"1600\" height=\"1200\" src=\"https:\/\/bellaitaliacycling.com\/wp-content\/uploads\/2025\/04\/ristorante-i-7-ponti.jpg\" class=\"attachment-full size-full wp-image-4902\" alt=\"\" srcset=\"https:\/\/bellaitaliacycling.com\/wp-content\/uploads\/2025\/04\/ristorante-i-7-ponti.jpg 1600w, https:\/\/bellaitaliacycling.com\/wp-content\/uploads\/2025\/04\/ristorante-i-7-ponti-300x225.jpg 300w, https:\/\/bellaitaliacycling.com\/wp-content\/uploads\/2025\/04\/ristorante-i-7-ponti-1024x768.jpg 1024w, https:\/\/bellaitaliacycling.com\/wp-content\/uploads\/2025\/04\/ristorante-i-7-ponti-768x576.jpg 768w, https:\/\/bellaitaliacycling.com\/wp-content\/uploads\/2025\/04\/ristorante-i-7-ponti-1536x1152.jpg 1536w, https:\/\/bellaitaliacycling.com\/wp-content\/uploads\/2025\/04\/ristorante-i-7-ponti-600x450.jpg 600w\" sizes=\"(max-width: 1600px) 100vw, 1600px\" \/>\t\t\t\t\t\t\t\t\t\t\t\t\t\t\t<\/div>\n\t\t\t\t<\/div>\n\t\t\t\t<div class=\"elementor-element elementor-element-e7a574f elementor-widget elementor-widget-heading\" data-id=\"e7a574f\" data-element_type=\"widget\" data-widget_type=\"heading.default\">\n\t\t\t\t<div class=\"elementor-widget-container\">\n\t\t\t\t\t<h2 class=\"elementor-heading-title elementor-size-default\"><a href=\"https:\/\/7ponti.it\/\" target=\"_blank\">Restaurant i 7 ponti<\/a><\/h2>\t\t\t\t<\/div>\n\t\t\t\t<\/div>\n\t\t\t\t<div class=\"elementor-element elementor-element-817cdbf elementor-icon-list--layout-traditional elementor-list-item-link-full_width elementor-widget elementor-widget-icon-list\" data-id=\"817cdbf\" data-element_type=\"widget\" data-widget_type=\"icon-list.default\">\n\t\t\t\t<div class=\"elementor-widget-container\">\n\t\t\t\t\t\t\t<ul class=\"elementor-icon-list-items\">\n\t\t\t\t\t\t\t<li class=\"elementor-icon-list-item\">\n\t\t\t\t\t\t\t\t\t\t\t<span class=\"elementor-icon-list-icon\">\n\t\t\t\t\t\t\t<svg aria-hidden=\"true\" class=\"e-font-icon-svg e-fas-map-marker-alt\" viewBox=\"0 0 384 512\" xmlns=\"http:\/\/www.w3.org\/2000\/svg\"><path d=\"M172.268 501.67C26.97 291.031 0 269.413 0 192 0 85.961 85.961 0 192 0s192 85.961 192 192c0 77.413-26.97 99.031-172.268 309.67-9.535 13.774-29.93 13.773-39.464 0zM192 272c44.183 0 80-35.817 80-80s-35.817-80-80-80-80 35.817-80 80 35.817 80 80 80z\"><\/path><\/svg>\t\t\t\t\t\t<\/span>\n\t\t\t\t\t\t\t\t\t\t<span class=\"elementor-icon-list-text\">Peschiera del Garda<\/span>\n\t\t\t\t\t\t\t\t\t<\/li>\n\t\t\t\t\t\t<\/ul>\n\t\t\t\t\t\t<\/div>\n\t\t\t\t<\/div>\n\t\t\t\t<div class=\"elementor-element elementor-element-126d8b8 elementor-widget elementor-widget-text-editor\" data-id=\"126d8b8\" data-element_type=\"widget\" data-widget_type=\"text-editor.default\">\n\t\t\t\t<div class=\"elementor-widget-container\">\n\t\t\t\t\t\t\t\t\t<p>Das <strong>strategisch g\u00fcnstig<\/strong> in Peschiera <strong>am Radweg gelegene<\/strong> Restaurant i 7 Ponti <span class=\"relative -mx-px my-[-0.2rem] rounded px-px py-[0.2rem] transition-colors duration-100 ease-in-out\">ist daf\u00fcr bekannt, dass es ein kulinarisches Erlebnis bietet, das Tradition und Innovation unter Verwendung frischer, hochwertiger Zutaten vereint.<\/span> <\/p><p>Eine Besonderheit ist die Ber\u00fccksichtigung spezieller Ern\u00e4hrungsbed\u00fcrfnisse: Das Restaurant bietet <strong>glutenfreie<\/strong> Optionen und garantiert Qualit\u00e4t und Geschmack bei jedem Gericht.<\/p>\t\t\t\t\t\t\t\t<\/div>\n\t\t\t\t<\/div>\n\t\t\t\t<div class=\"elementor-element elementor-element-dd79078 elementor-widget__width-auto elementor-widget elementor-widget-button\" data-id=\"dd79078\" data-element_type=\"widget\" data-widget_type=\"button.default\">\n\t\t\t\t<div class=\"elementor-widget-container\">\n\t\t\t\t\t\t\t\t\t<div class=\"elementor-button-wrapper\">\n\t\t\t\t\t<a class=\"elementor-button elementor-button-link elementor-size-sm elementor-animation-float\" href=\"https:\/\/7ponti.it\/\" target=\"_blank\">\n\t\t\t\t\t\t<span class=\"elementor-button-content-wrapper\">\n\t\t\t\t\t\t\t\t\t<span class=\"elementor-button-text\">Gehen Sie ins Restaurant<\/span>\n\t\t\t\t\t<\/span>\n\t\t\t\t\t<\/a>\n\t\t\t\t<\/div>\n\t\t\t\t\t\t\t\t<\/div>\n\t\t\t\t<\/div>\n\t\t\t\t<\/div>\n\t\t<div class=\"elementor-element elementor-element-2ee4968 e-con-full e-flex e-con e-child\" data-id=\"2ee4968\" data-element_type=\"container\">\n\t\t\t\t<div class=\"elementor-element elementor-element-f7030a9 elementor-widget elementor-widget-image\" data-id=\"f7030a9\" data-element_type=\"widget\" data-widget_type=\"image.default\">\n\t\t\t\t<div class=\"elementor-widget-container\">\n\t\t\t\t\t\t\t\t\t\t\t\t\t\t\t<img decoding=\"async\" width=\"2560\" height=\"1707\" src=\"https:\/\/bellaitaliacycling.com\/wp-content\/uploads\/2025\/04\/LITTORINA-DEL-MINCIO-ristorante-scaled.jpg\" class=\"attachment-full size-full wp-image-4898\" alt=\"\" srcset=\"https:\/\/bellaitaliacycling.com\/wp-content\/uploads\/2025\/04\/LITTORINA-DEL-MINCIO-ristorante-scaled.jpg 2560w, https:\/\/bellaitaliacycling.com\/wp-content\/uploads\/2025\/04\/LITTORINA-DEL-MINCIO-ristorante-300x200.jpg 300w, https:\/\/bellaitaliacycling.com\/wp-content\/uploads\/2025\/04\/LITTORINA-DEL-MINCIO-ristorante-1024x683.jpg 1024w, https:\/\/bellaitaliacycling.com\/wp-content\/uploads\/2025\/04\/LITTORINA-DEL-MINCIO-ristorante-768x512.jpg 768w, https:\/\/bellaitaliacycling.com\/wp-content\/uploads\/2025\/04\/LITTORINA-DEL-MINCIO-ristorante-1536x1024.jpg 1536w, https:\/\/bellaitaliacycling.com\/wp-content\/uploads\/2025\/04\/LITTORINA-DEL-MINCIO-ristorante-2048x1365.jpg 2048w, https:\/\/bellaitaliacycling.com\/wp-content\/uploads\/2025\/04\/LITTORINA-DEL-MINCIO-ristorante-600x400.jpg 600w\" sizes=\"(max-width: 2560px) 100vw, 2560px\" \/>\t\t\t\t\t\t\t\t\t\t\t\t\t\t\t<\/div>\n\t\t\t\t<\/div>\n\t\t\t\t<div class=\"elementor-element elementor-element-d8e3019 elementor-widget elementor-widget-heading\" data-id=\"d8e3019\" data-element_type=\"widget\" data-widget_type=\"heading.default\">\n\t\t\t\t<div class=\"elementor-widget-container\">\n\t\t\t\t\t<h2 class=\"elementor-heading-title elementor-size-default\"><a href=\"https:\/\/www.lalittorinadelmincio.it\/\" target=\"_blank\">Der Mincio-Winkle<\/a><\/h2>\t\t\t\t<\/div>\n\t\t\t\t<\/div>\n\t\t\t\t<div class=\"elementor-element elementor-element-22da753 elementor-icon-list--layout-traditional elementor-list-item-link-full_width elementor-widget elementor-widget-icon-list\" data-id=\"22da753\" data-element_type=\"widget\" data-widget_type=\"icon-list.default\">\n\t\t\t\t<div class=\"elementor-widget-container\">\n\t\t\t\t\t\t\t<ul class=\"elementor-icon-list-items\">\n\t\t\t\t\t\t\t<li class=\"elementor-icon-list-item\">\n\t\t\t\t\t\t\t\t\t\t\t<span class=\"elementor-icon-list-icon\">\n\t\t\t\t\t\t\t<svg aria-hidden=\"true\" class=\"e-font-icon-svg e-fas-map-marker-alt\" viewBox=\"0 0 384 512\" xmlns=\"http:\/\/www.w3.org\/2000\/svg\"><path d=\"M172.268 501.67C26.97 291.031 0 269.413 0 192 0 85.961 85.961 0 192 0s192 85.961 192 192c0 77.413-26.97 99.031-172.268 309.67-9.535 13.774-29.93 13.773-39.464 0zM192 272c44.183 0 80-35.817 80-80s-35.817-80-80-80-80 35.817-80 80 35.817 80 80 80z\"><\/path><\/svg>\t\t\t\t\t\t<\/span>\n\t\t\t\t\t\t\t\t\t\t<span class=\"elementor-icon-list-text\">Valeggio sul Mincio<\/span>\n\t\t\t\t\t\t\t\t\t<\/li>\n\t\t\t\t\t\t<\/ul>\n\t\t\t\t\t\t<\/div>\n\t\t\t\t<\/div>\n\t\t\t\t<div class=\"elementor-element elementor-element-13e0da4 elementor-widget elementor-widget-text-editor\" data-id=\"13e0da4\" data-element_type=\"widget\" data-widget_type=\"text-editor.default\">\n\t\t\t\t<div class=\"elementor-widget-container\">\n\t\t\t\t\t\t\t\t\t<p><span class=\"relative -mx-px my-[-0.2rem] rounded px-px py-[0.2rem] bg-[#FCECC1] dark:bg-[#64572A] transition-colors duration-100 ease-in-out\">Das Restaurant <strong data-start=\"14\" data-end=\"41\">La Littorina del Mincio<\/strong> in Salionze di Valeggio sul Mincio (VR) ist bekannt f\u00fcr seine <strong>malerische Lage am Ufer des Mincio<\/strong>, zwischen Peschiera und Valeggio. <\/span><span class=\"relative -mx-px my-[-0.2rem] rounded px-px py-[0.2rem] bg-[#FCECC1] dark:bg-[#64572A] transition-colors duration-100 ease-in-out\"><span class=\"relative -mx-px my-[-0.2rem] rounded px-px py-[0.2rem] transition-colors duration-100 ease-in-out\">Zu den Spezialit\u00e4ten geh\u00f6ren <strong>Pizzen mit einem gef\u00fcllten Rand<\/strong>, wie die &#8218;Littorina&#8216; und die &#8218;Capostazione&#8216;.<\/span><\/span><\/p><p><span class=\"relative -mx-px my-[-0.2rem] rounded px-px py-[0.2rem] bg-[#FCECC1] dark:bg-[#64572A] transition-colors duration-100 ease-in-out\"><span class=\"relative -mx-px my-[-0.2rem] rounded px-px py-[0.2rem] transition-colors duration-100 ease-in-out\">  Das Restaurant ist dank seiner Lage am Mincio-Radweg und seiner N\u00e4he zur nationalen Rennstrecke FIPS ein Anziehungspunkt f\u00fcr Radfahrer und Familien und bietet auch Anglern Unterst\u00fctzung.  <\/span><\/span><\/p>\t\t\t\t\t\t\t\t<\/div>\n\t\t\t\t<\/div>\n\t\t\t\t<div class=\"elementor-element elementor-element-2d7ae42 elementor-widget__width-auto elementor-widget elementor-widget-button\" data-id=\"2d7ae42\" data-element_type=\"widget\" data-widget_type=\"button.default\">\n\t\t\t\t<div class=\"elementor-widget-container\">\n\t\t\t\t\t\t\t\t\t<div class=\"elementor-button-wrapper\">\n\t\t\t\t\t<a class=\"elementor-button elementor-button-link elementor-size-sm elementor-animation-float\" href=\"https:\/\/www.lalittorinadelmincio.it\/\" target=\"_blank\">\n\t\t\t\t\t\t<span class=\"elementor-button-content-wrapper\">\n\t\t\t\t\t\t\t\t\t<span class=\"elementor-button-text\">Gehen Sie ins Restaurant<\/span>\n\t\t\t\t\t<\/span>\n\t\t\t\t\t<\/a>\n\t\t\t\t<\/div>\n\t\t\t\t\t\t\t\t<\/div>\n\t\t\t\t<\/div>\n\t\t\t\t<\/div>\n\t\t<div class=\"elementor-element elementor-element-ae8cec5 e-con-full e-flex e-con e-child\" data-id=\"ae8cec5\" data-element_type=\"container\">\n\t\t\t\t<div class=\"elementor-element elementor-element-99d6a42 elementor-widget elementor-widget-image\" data-id=\"99d6a42\" data-element_type=\"widget\" data-widget_type=\"image.default\">\n\t\t\t\t<div class=\"elementor-widget-container\">\n\t\t\t\t\t\t\t\t\t\t\t\t\t\t\t<img decoding=\"async\" width=\"1080\" height=\"1439\" src=\"https:\/\/bellaitaliacycling.com\/wp-content\/uploads\/2025\/04\/ristorante-il-gatto-moro-1.jpeg\" class=\"attachment-full size-full wp-image-4906\" alt=\"\" srcset=\"https:\/\/bellaitaliacycling.com\/wp-content\/uploads\/2025\/04\/ristorante-il-gatto-moro-1.jpeg 1080w, https:\/\/bellaitaliacycling.com\/wp-content\/uploads\/2025\/04\/ristorante-il-gatto-moro-1-225x300.jpeg 225w, https:\/\/bellaitaliacycling.com\/wp-content\/uploads\/2025\/04\/ristorante-il-gatto-moro-1-769x1024.jpeg 769w, https:\/\/bellaitaliacycling.com\/wp-content\/uploads\/2025\/04\/ristorante-il-gatto-moro-1-768x1023.jpeg 768w, https:\/\/bellaitaliacycling.com\/wp-content\/uploads\/2025\/04\/ristorante-il-gatto-moro-1-600x799.jpeg 600w\" sizes=\"(max-width: 1080px) 100vw, 1080px\" \/>\t\t\t\t\t\t\t\t\t\t\t\t\t\t\t<\/div>\n\t\t\t\t<\/div>\n\t\t\t\t<div class=\"elementor-element elementor-element-fdd9899 elementor-widget elementor-widget-heading\" data-id=\"fdd9899\" data-element_type=\"widget\" data-widget_type=\"heading.default\">\n\t\t\t\t<div class=\"elementor-widget-container\">\n\t\t\t\t\t<h2 class=\"elementor-heading-title elementor-size-default\"><a href=\"https:\/\/www.ristorantegattomoro.com\/\" target=\"_blank\">Restaurant Il gatto moro<\/a><\/h2>\t\t\t\t<\/div>\n\t\t\t\t<\/div>\n\t\t\t\t<div class=\"elementor-element elementor-element-bffb36a elementor-icon-list--layout-traditional elementor-list-item-link-full_width elementor-widget elementor-widget-icon-list\" data-id=\"bffb36a\" data-element_type=\"widget\" data-widget_type=\"icon-list.default\">\n\t\t\t\t<div class=\"elementor-widget-container\">\n\t\t\t\t\t\t\t<ul class=\"elementor-icon-list-items\">\n\t\t\t\t\t\t\t<li class=\"elementor-icon-list-item\">\n\t\t\t\t\t\t\t\t\t\t\t<span class=\"elementor-icon-list-icon\">\n\t\t\t\t\t\t\t<svg aria-hidden=\"true\" class=\"e-font-icon-svg e-fas-map-marker-alt\" viewBox=\"0 0 384 512\" xmlns=\"http:\/\/www.w3.org\/2000\/svg\"><path d=\"M172.268 501.67C26.97 291.031 0 269.413 0 192 0 85.961 85.961 0 192 0s192 85.961 192 192c0 77.413-26.97 99.031-172.268 309.67-9.535 13.774-29.93 13.773-39.464 0zM192 272c44.183 0 80-35.817 80-80s-35.817-80-80-80-80 35.817-80 80 35.817 80 80 80z\"><\/path><\/svg>\t\t\t\t\t\t<\/span>\n\t\t\t\t\t\t\t\t\t\t<span class=\"elementor-icon-list-text\">Borghetto sul Mincio<\/span>\n\t\t\t\t\t\t\t\t\t<\/li>\n\t\t\t\t\t\t<\/ul>\n\t\t\t\t\t\t<\/div>\n\t\t\t\t<\/div>\n\t\t\t\t<div class=\"elementor-element elementor-element-ec7fef1 elementor-widget elementor-widget-text-editor\" data-id=\"ec7fef1\" data-element_type=\"widget\" data-widget_type=\"text-editor.default\">\n\t\t\t\t<div class=\"elementor-widget-container\">\n\t\t\t\t\t\t\t\t\t<p><span class=\"relative -mx-px my-[-0.2rem] rounded px-px py-[0.2rem] transition-colors duration-100 ease-in-out\">Das <strong data-start=\"3\" data-end=\"28\">Ristorante Gatto Moro<\/strong> ist ein historisches Restaurant in dem malerischen Dorf Borghetto sul Mincio, einem Ortsteil von Valeggio sul Mincio (VR).<\/span> <span class=\"relative -mx-px my-[-0.2rem] rounded px-px py-[0.2rem] transition-colors duration-100 ease-in-out\">Das in den fr\u00fchen 1900er Jahren als Osteria gegr\u00fcndete Restaurant hat seine Verbindung zur lokalen kulinarischen Tradition \u00fcber die Zeit aufrechterhalten und bietet Gerichte, die die K\u00fcche des Veneto und Mantuas feiern. Dazu geh\u00f6ren <strong>K\u00fcrbistortelli nach Mantuaner Art<\/strong>,<strong> Capunsei<\/strong>, <strong>Gardasee-Hecht in Saor <\/strong>und <strong>geschmortes Valpolicella-Rindfleisch<\/strong>. <\/span><\/p>\t\t\t\t\t\t\t\t<\/div>\n\t\t\t\t<\/div>\n\t\t\t\t<div class=\"elementor-element elementor-element-10b7620 elementor-widget__width-auto elementor-widget elementor-widget-button\" data-id=\"10b7620\" data-element_type=\"widget\" data-widget_type=\"button.default\">\n\t\t\t\t<div class=\"elementor-widget-container\">\n\t\t\t\t\t\t\t\t\t<div class=\"elementor-button-wrapper\">\n\t\t\t\t\t<a class=\"elementor-button elementor-button-link elementor-size-sm elementor-animation-float\" href=\"https:\/\/www.ristorantegattomoro.com\/\" target=\"_blank\">\n\t\t\t\t\t\t<span class=\"elementor-button-content-wrapper\">\n\t\t\t\t\t\t\t\t\t<span class=\"elementor-button-text\">Gehen Sie ins Restaurant<\/span>\n\t\t\t\t\t<\/span>\n\t\t\t\t\t<\/a>\n\t\t\t\t<\/div>\n\t\t\t\t\t\t\t\t<\/div>\n\t\t\t\t<\/div>\n\t\t\t\t<\/div>\n\t\t\t\t\t<\/div>\n\t\t\t\t<\/div>\n\t\t\t\t<\/div>\n\t\t","protected":false},"excerpt":{"rendered":"<p>Sie suchen nach einem Ort, an dem Sie zwischen den Radtouren essen k\u00f6nnen? Wir empfehlen es! Restaurant i 7 ponti Peschiera del Garda Das strategisch g\u00fcnstig in Peschiera am Radweg gelegene Restaurant i 7 Ponti ist daf\u00fcr bekannt, dass es ein kulinarisches Erlebnis bietet, das Tradition und Innovation unter Verwendung frischer, hochwertiger Zutaten vereint. Eine [&hellip;]<\/p>\n","protected":false},"author":1,"featured_media":0,"parent":0,"menu_order":0,"comment_status":"closed","ping_status":"closed","template":"","meta":{"_acf_changed":false,"footnotes":""},"class_list":["post-5087","page","type-page","status-publish","hentry"],"acf":[],"yoast_head":"<!-- This site is optimized with the Yoast SEO plugin v26.3 - https:\/\/yoast.com\/wordpress\/plugins\/seo\/ -->\n<title>Wo man am Gardasee essen kann - Bella Italia Cycling<\/title>\n<meta name=\"robots\" content=\"index, follow, max-snippet:-1, max-image-preview:large, max-video-preview:-1\" \/>\n<link rel=\"canonical\" href=\"https:\/\/bellaitaliacycling.com\/de\/wo-man-am-gardasee-essen-kann\/\" \/>\n<meta property=\"og:locale\" content=\"de_DE\" \/>\n<meta property=\"og:type\" content=\"article\" \/>\n<meta property=\"og:title\" content=\"Wo man am Gardasee essen kann - Bella Italia Cycling\" \/>\n<meta property=\"og:description\" content=\"Sie suchen nach einem Ort, an dem Sie zwischen den Radtouren essen k\u00f6nnen? Wir empfehlen es! Restaurant i 7 ponti Peschiera del Garda Das strategisch g\u00fcnstig in Peschiera am Radweg gelegene Restaurant i 7 Ponti ist daf\u00fcr bekannt, dass es ein kulinarisches Erlebnis bietet, das Tradition und Innovation unter Verwendung frischer, hochwertiger Zutaten vereint. Eine [&hellip;]\" \/>\n<meta property=\"og:url\" content=\"https:\/\/bellaitaliacycling.com\/de\/wo-man-am-gardasee-essen-kann\/\" \/>\n<meta property=\"og:site_name\" content=\"Bella Italia Cycling\" \/>\n<meta property=\"article:publisher\" content=\"https:\/\/www.facebook.com\/p\/Bella-Italia-CYcling-61557438540626\/\" \/>\n<meta property=\"article:modified_time\" content=\"2025-05-09T07:56:17+00:00\" \/>\n<meta property=\"og:image\" content=\"https:\/\/bellaitaliacycling.com\/wp-content\/uploads\/2025\/04\/ristorante-i-7-ponti.jpg\" \/>\n\t<meta property=\"og:image:width\" content=\"1600\" \/>\n\t<meta property=\"og:image:height\" content=\"1200\" \/>\n\t<meta property=\"og:image:type\" content=\"image\/jpeg\" \/>\n<meta name=\"twitter:card\" content=\"summary_large_image\" \/>\n<meta name=\"twitter:label1\" content=\"Gesch\u00e4tzte Lesezeit\" \/>\n\t<meta name=\"twitter:data1\" content=\"1\u00a0Minute\" \/>\n<script type=\"application\/ld+json\" class=\"yoast-schema-graph\">{\"@context\":\"https:\/\/schema.org\",\"@graph\":[{\"@type\":\"WebPage\",\"@id\":\"https:\/\/bellaitaliacycling.com\/de\/wo-man-am-gardasee-essen-kann\/\",\"url\":\"https:\/\/bellaitaliacycling.com\/de\/wo-man-am-gardasee-essen-kann\/\",\"name\":\"Wo man am Gardasee essen kann - Bella Italia Cycling\",\"isPartOf\":{\"@id\":\"https:\/\/bellaitaliacycling.com\/de\/#website\"},\"primaryImageOfPage\":{\"@id\":\"https:\/\/bellaitaliacycling.com\/de\/wo-man-am-gardasee-essen-kann\/#primaryimage\"},\"image\":{\"@id\":\"https:\/\/bellaitaliacycling.com\/de\/wo-man-am-gardasee-essen-kann\/#primaryimage\"},\"thumbnailUrl\":\"https:\/\/bellaitaliacycling.com\/wp-content\/uploads\/2025\/04\/ristorante-i-7-ponti.jpg\",\"datePublished\":\"2025-04-14T16:03:40+00:00\",\"dateModified\":\"2025-05-09T07:56:17+00:00\",\"breadcrumb\":{\"@id\":\"https:\/\/bellaitaliacycling.com\/de\/wo-man-am-gardasee-essen-kann\/#breadcrumb\"},\"inLanguage\":\"de\",\"potentialAction\":[{\"@type\":\"ReadAction\",\"target\":[\"https:\/\/bellaitaliacycling.com\/de\/wo-man-am-gardasee-essen-kann\/\"]}]},{\"@type\":\"ImageObject\",\"inLanguage\":\"de\",\"@id\":\"https:\/\/bellaitaliacycling.com\/de\/wo-man-am-gardasee-essen-kann\/#primaryimage\",\"url\":\"https:\/\/bellaitaliacycling.com\/wp-content\/uploads\/2025\/04\/ristorante-i-7-ponti.jpg\",\"contentUrl\":\"https:\/\/bellaitaliacycling.com\/wp-content\/uploads\/2025\/04\/ristorante-i-7-ponti.jpg\"},{\"@type\":\"BreadcrumbList\",\"@id\":\"https:\/\/bellaitaliacycling.com\/de\/wo-man-am-gardasee-essen-kann\/#breadcrumb\",\"itemListElement\":[{\"@type\":\"ListItem\",\"position\":1,\"name\":\"Startseite\",\"item\":\"https:\/\/bellaitaliacycling.com\/de\/\"},{\"@type\":\"ListItem\",\"position\":2,\"name\":\"Wo man am Gardasee essen kann\"}]},{\"@type\":\"WebSite\",\"@id\":\"https:\/\/bellaitaliacycling.com\/de\/#website\",\"url\":\"https:\/\/bellaitaliacycling.com\/de\/\",\"name\":\"Bella Italia Cycling\",\"description\":\"Noleggio bici sul lago di Garda\",\"publisher\":{\"@id\":\"https:\/\/bellaitaliacycling.com\/de\/#organization\"},\"potentialAction\":[{\"@type\":\"SearchAction\",\"target\":{\"@type\":\"EntryPoint\",\"urlTemplate\":\"https:\/\/bellaitaliacycling.com\/de\/?s={search_term_string}\"},\"query-input\":{\"@type\":\"PropertyValueSpecification\",\"valueRequired\":true,\"valueName\":\"search_term_string\"}}],\"inLanguage\":\"de\"},{\"@type\":\"Organization\",\"@id\":\"https:\/\/bellaitaliacycling.com\/de\/#organization\",\"name\":\"Bella Italia Radfahren\",\"url\":\"https:\/\/bellaitaliacycling.com\/de\/\",\"logo\":{\"@type\":\"ImageObject\",\"inLanguage\":\"de\",\"@id\":\"https:\/\/bellaitaliacycling.com\/de\/#\/schema\/logo\/image\/\",\"url\":\"https:\/\/bellaitaliacycling.com\/wp-content\/uploads\/2024\/12\/logo-bicy-semplice.png\",\"contentUrl\":\"https:\/\/bellaitaliacycling.com\/wp-content\/uploads\/2024\/12\/logo-bicy-semplice.png\",\"width\":1000,\"height\":515,\"caption\":\"Bella Italia Radfahren\"},\"image\":{\"@id\":\"https:\/\/bellaitaliacycling.com\/de\/#\/schema\/logo\/image\/\"},\"sameAs\":[\"https:\/\/www.facebook.com\/p\/Bella-Italia-CYcling-61557438540626\/\"]}]}<\/script>\n<!-- \/ Yoast SEO plugin. -->","yoast_head_json":{"title":"Wo man am Gardasee essen kann - Bella Italia Cycling","robots":{"index":"index","follow":"follow","max-snippet":"max-snippet:-1","max-image-preview":"max-image-preview:large","max-video-preview":"max-video-preview:-1"},"canonical":"https:\/\/bellaitaliacycling.com\/de\/wo-man-am-gardasee-essen-kann\/","og_locale":"de_DE","og_type":"article","og_title":"Wo man am Gardasee essen kann - Bella Italia Cycling","og_description":"Sie suchen nach einem Ort, an dem Sie zwischen den Radtouren essen k\u00f6nnen? Wir empfehlen es! Restaurant i 7 ponti Peschiera del Garda Das strategisch g\u00fcnstig in Peschiera am Radweg gelegene Restaurant i 7 Ponti ist daf\u00fcr bekannt, dass es ein kulinarisches Erlebnis bietet, das Tradition und Innovation unter Verwendung frischer, hochwertiger Zutaten vereint. Eine [&hellip;]","og_url":"https:\/\/bellaitaliacycling.com\/de\/wo-man-am-gardasee-essen-kann\/","og_site_name":"Bella Italia Cycling","article_publisher":"https:\/\/www.facebook.com\/p\/Bella-Italia-CYcling-61557438540626\/","article_modified_time":"2025-05-09T07:56:17+00:00","og_image":[{"width":1600,"height":1200,"url":"https:\/\/bellaitaliacycling.com\/wp-content\/uploads\/2025\/04\/ristorante-i-7-ponti.jpg","type":"image\/jpeg"}],"twitter_card":"summary_large_image","twitter_misc":{"Gesch\u00e4tzte Lesezeit":"1\u00a0Minute"},"schema":{"@context":"https:\/\/schema.org","@graph":[{"@type":"WebPage","@id":"https:\/\/bellaitaliacycling.com\/de\/wo-man-am-gardasee-essen-kann\/","url":"https:\/\/bellaitaliacycling.com\/de\/wo-man-am-gardasee-essen-kann\/","name":"Wo man am Gardasee essen kann - Bella Italia Cycling","isPartOf":{"@id":"https:\/\/bellaitaliacycling.com\/de\/#website"},"primaryImageOfPage":{"@id":"https:\/\/bellaitaliacycling.com\/de\/wo-man-am-gardasee-essen-kann\/#primaryimage"},"image":{"@id":"https:\/\/bellaitaliacycling.com\/de\/wo-man-am-gardasee-essen-kann\/#primaryimage"},"thumbnailUrl":"https:\/\/bellaitaliacycling.com\/wp-content\/uploads\/2025\/04\/ristorante-i-7-ponti.jpg","datePublished":"2025-04-14T16:03:40+00:00","dateModified":"2025-05-09T07:56:17+00:00","breadcrumb":{"@id":"https:\/\/bellaitaliacycling.com\/de\/wo-man-am-gardasee-essen-kann\/#breadcrumb"},"inLanguage":"de","potentialAction":[{"@type":"ReadAction","target":["https:\/\/bellaitaliacycling.com\/de\/wo-man-am-gardasee-essen-kann\/"]}]},{"@type":"ImageObject","inLanguage":"de","@id":"https:\/\/bellaitaliacycling.com\/de\/wo-man-am-gardasee-essen-kann\/#primaryimage","url":"https:\/\/bellaitaliacycling.com\/wp-content\/uploads\/2025\/04\/ristorante-i-7-ponti.jpg","contentUrl":"https:\/\/bellaitaliacycling.com\/wp-content\/uploads\/2025\/04\/ristorante-i-7-ponti.jpg"},{"@type":"BreadcrumbList","@id":"https:\/\/bellaitaliacycling.com\/de\/wo-man-am-gardasee-essen-kann\/#breadcrumb","itemListElement":[{"@type":"ListItem","position":1,"name":"Startseite","item":"https:\/\/bellaitaliacycling.com\/de\/"},{"@type":"ListItem","position":2,"name":"Wo man am Gardasee essen kann"}]},{"@type":"WebSite","@id":"https:\/\/bellaitaliacycling.com\/de\/#website","url":"https:\/\/bellaitaliacycling.com\/de\/","name":"Bella Italia Cycling","description":"Noleggio bici sul lago di Garda","publisher":{"@id":"https:\/\/bellaitaliacycling.com\/de\/#organization"},"potentialAction":[{"@type":"SearchAction","target":{"@type":"EntryPoint","urlTemplate":"https:\/\/bellaitaliacycling.com\/de\/?s={search_term_string}"},"query-input":{"@type":"PropertyValueSpecification","valueRequired":true,"valueName":"search_term_string"}}],"inLanguage":"de"},{"@type":"Organization","@id":"https:\/\/bellaitaliacycling.com\/de\/#organization","name":"Bella Italia Radfahren","url":"https:\/\/bellaitaliacycling.com\/de\/","logo":{"@type":"ImageObject","inLanguage":"de","@id":"https:\/\/bellaitaliacycling.com\/de\/#\/schema\/logo\/image\/","url":"https:\/\/bellaitaliacycling.com\/wp-content\/uploads\/2024\/12\/logo-bicy-semplice.png","contentUrl":"https:\/\/bellaitaliacycling.com\/wp-content\/uploads\/2024\/12\/logo-bicy-semplice.png","width":1000,"height":515,"caption":"Bella Italia Radfahren"},"image":{"@id":"https:\/\/bellaitaliacycling.com\/de\/#\/schema\/logo\/image\/"},"sameAs":["https:\/\/www.facebook.com\/p\/Bella-Italia-CYcling-61557438540626\/"]}]}},"_links":{"self":[{"href":"https:\/\/bellaitaliacycling.com\/de\/wp-json\/wp\/v2\/pages\/5087","targetHints":{"allow":["GET"]}}],"collection":[{"href":"https:\/\/bellaitaliacycling.com\/de\/wp-json\/wp\/v2\/pages"}],"about":[{"href":"https:\/\/bellaitaliacycling.com\/de\/wp-json\/wp\/v2\/types\/page"}],"author":[{"embeddable":true,"href":"https:\/\/bellaitaliacycling.com\/de\/wp-json\/wp\/v2\/users\/1"}],"replies":[{"embeddable":true,"href":"https:\/\/bellaitaliacycling.com\/de\/wp-json\/wp\/v2\/comments?post=5087"}],"version-history":[{"count":2,"href":"https:\/\/bellaitaliacycling.com\/de\/wp-json\/wp\/v2\/pages\/5087\/revisions"}],"predecessor-version":[{"id":6174,"href":"https:\/\/bellaitaliacycling.com\/de\/wp-json\/wp\/v2\/pages\/5087\/revisions\/6174"}],"wp:attachment":[{"href":"https:\/\/bellaitaliacycling.com\/de\/wp-json\/wp\/v2\/media?parent=5087"}],"curies":[{"name":"wp","href":"https:\/\/api.w.org\/{rel}","templated":true}]}}