{"id":5122,"date":"2025-04-15T09:54:01","date_gmt":"2025-04-15T09:54:01","guid":{"rendered":"https:\/\/bellaitaliacycling.com\/gps-tracks-fuer-radtouren\/abreise-aus-bella-italia\/"},"modified":"2025-04-16T11:04:35","modified_gmt":"2025-04-16T11:04:35","slug":"abreise-aus-bella-italia","status":"publish","type":"page","link":"https:\/\/bellaitaliacycling.com\/de\/gps-tracks-fuer-radtouren\/abreise-aus-bella-italia\/","title":{"rendered":"Abreise aus Bella Italia"},"content":{"rendered":"\t\t<div data-elementor-type=\"wp-page\" data-elementor-id=\"5122\" class=\"elementor elementor-5122 elementor-4981\" data-elementor-post-type=\"page\">\n\t\t\t\t<div class=\"elementor-element elementor-element-1882a6e e-flex e-con-boxed e-con e-parent\" data-id=\"1882a6e\" data-element_type=\"container\" data-settings=\"{&quot;background_background&quot;:&quot;classic&quot;}\">\n\t\t\t\t\t<div class=\"e-con-inner\">\n\t\t\t\t<div class=\"elementor-element elementor-element-6661cb1 elementor-widget elementor-widget-heading\" data-id=\"6661cb1\" data-element_type=\"widget\" data-widget_type=\"heading.default\">\n\t\t\t\t<div class=\"elementor-widget-container\">\n\t\t\t\t\t<h3 class=\"elementor-heading-title elementor-size-default\">Wenn Sie auf der Suche nach einer neuen Route sind, die Sie in v\u00f6lliger Autonomie mit dem Fahrrad bew\u00e4ltigen k\u00f6nnen, w\u00e4hlen Sie aus den vorgeschlagenen Touren diejenige aus, die Sie am meisten fasziniert.\n\n<\/h3>\t\t\t\t<\/div>\n\t\t\t\t<\/div>\n\t\t\t\t<div class=\"elementor-element elementor-element-6670223 elementor-widget elementor-widget-heading\" data-id=\"6670223\" data-element_type=\"widget\" data-widget_type=\"heading.default\">\n\t\t\t\t<div class=\"elementor-widget-container\">\n\t\t\t\t\t<h1 class=\"elementor-heading-title elementor-size-default\">Selbst-Tour mit BellA ITALIA<\/h1>\t\t\t\t<\/div>\n\t\t\t\t<\/div>\n\t\t\t\t\t<\/div>\n\t\t\t\t<\/div>\n\t\t<div class=\"elementor-element elementor-element-d86b46a e-flex e-con-boxed e-con e-parent\" data-id=\"d86b46a\" data-element_type=\"container\" data-settings=\"{&quot;background_background&quot;:&quot;classic&quot;}\">\n\t\t\t\t\t<div class=\"e-con-inner\">\n\t\t<div class=\"elementor-element elementor-element-a0d5777 e-con-full e-flex e-con e-child\" data-id=\"a0d5777\" data-element_type=\"container\">\n\t\t\t\t<div class=\"elementor-element elementor-element-8e9c006 elementor-widget elementor-widget-html\" data-id=\"8e9c006\" data-element_type=\"widget\" data-widget_type=\"html.default\">\n\t\t\t\t<div class=\"elementor-widget-container\">\n\t\t\t\t\t<script type=\"text\/javascript\" src=\"https:\/\/dgtalguide.com\/files\/scripts\/dgtalguide_iframe_messages.js\"><\/script>\n<iframe id=\"dgtalguide\" allow=\"payment\" src=\"https:\/\/dgtalguide.com\/widgets\/B8F53E4003FB11F0BD619D1D2E9881B0?lang=it&amp;referer=BICY\" width=\"100%\" height=\"100%\" frameborder=\"none\" scrolling=\"no\"><\/iframe>\t\t\t\t<\/div>\n\t\t\t\t<\/div>\n\t\t\t\t<\/div>\n\t\t\t\t\t<\/div>\n\t\t\t\t<\/div>\n\t\t<div class=\"elementor-element elementor-element-27165d2 e-flex e-con-boxed e-con e-parent\" data-id=\"27165d2\" data-element_type=\"container\" id=\"addio-al-nubilato\" data-settings=\"{&quot;background_background&quot;:&quot;gradient&quot;}\">\n\t\t\t\t\t<div class=\"e-con-inner\">\n\t\t<div class=\"elementor-element elementor-element-053aad2 e-con-full e-flex e-con e-child\" data-id=\"053aad2\" data-element_type=\"container\">\n\t\t\t\t<div class=\"elementor-element elementor-element-29763a5 elementor-widget elementor-widget-heading\" data-id=\"29763a5\" data-element_type=\"widget\" data-widget_type=\"heading.default\">\n\t\t\t\t<div class=\"elementor-widget-container\">\n\t\t\t\t\t<h2 class=\"elementor-heading-title elementor-size-default\">Suchen Sie einen n\u00e4heren Ausgangspunkt?<br>  W\u00e4hlen Sie eine andere der verf\u00fcgbaren Optionen!<\/h2>\t\t\t\t<\/div>\n\t\t\t\t<\/div>\n\t\t\t\t<\/div>\n\t\t<div class=\"elementor-element elementor-element-9eb03b3 e-con-full e-flex e-con e-child\" data-id=\"9eb03b3\" data-element_type=\"container\">\n\t\t<div class=\"elementor-element elementor-element-0f67dda e-con-full e-flex e-con e-child\" data-id=\"0f67dda\" data-element_type=\"container\">\n\t\t\t\t<div class=\"elementor-element elementor-element-5e441a7 elementor-widget elementor-widget-image\" data-id=\"5e441a7\" data-element_type=\"widget\" data-widget_type=\"image.default\">\n\t\t\t\t<div class=\"elementor-widget-container\">\n\t\t\t\t\t\t\t\t\t\t\t\t\t\t\t<img fetchpriority=\"high\" decoding=\"async\" width=\"416\" height=\"510\" src=\"https:\/\/bellaitaliacycling.com\/wp-content\/uploads\/2025\/03\/noleggio-bici-7-ponti.jpg\" class=\"attachment-full size-full wp-image-2876\" alt=\"\" srcset=\"https:\/\/bellaitaliacycling.com\/wp-content\/uploads\/2025\/03\/noleggio-bici-7-ponti.jpg 416w, https:\/\/bellaitaliacycling.com\/wp-content\/uploads\/2025\/03\/noleggio-bici-7-ponti-245x300.jpg 245w\" sizes=\"(max-width: 416px) 100vw, 416px\" \/>\t\t\t\t\t\t\t\t\t\t\t\t\t\t\t<\/div>\n\t\t\t\t<\/div>\n\t\t\t\t<div class=\"elementor-element elementor-element-b11b16e elementor-widget elementor-widget-heading\" data-id=\"b11b16e\" data-element_type=\"widget\" data-widget_type=\"heading.default\">\n\t\t\t\t<div class=\"elementor-widget-container\">\n\t\t\t\t\t<h2 class=\"elementor-heading-title elementor-size-default\"><a href=\"https:\/\/bellaitaliacycling.com\/de\/gps-tracks-fuer-radtouren\/abflug-von-7-bruecken\/\">7 POnten<\/a><\/h2>\t\t\t\t<\/div>\n\t\t\t\t<\/div>\n\t\t\t\t<div class=\"elementor-element elementor-element-62a22b4 elementor-widget elementor-widget-text-editor\" data-id=\"62a22b4\" data-element_type=\"widget\" data-widget_type=\"text-editor.default\">\n\t\t\t\t<div class=\"elementor-widget-container\">\n\t\t\t\t\t\t\t\t\t<p>Entdecken Sie die online buchbaren Selbsttouren mit Ausgangspunkt 7 Ponti (Peschiera).<\/p>\t\t\t\t\t\t\t\t<\/div>\n\t\t\t\t<\/div>\n\t\t\t\t<div class=\"elementor-element elementor-element-8aa12f5 elementor-icon-list--layout-traditional elementor-list-item-link-full_width elementor-widget elementor-widget-icon-list\" data-id=\"8aa12f5\" data-element_type=\"widget\" data-widget_type=\"icon-list.default\">\n\t\t\t\t<div class=\"elementor-widget-container\">\n\t\t\t\t\t\t\t<ul class=\"elementor-icon-list-items\">\n\t\t\t\t\t\t\t<li class=\"elementor-icon-list-item\">\n\t\t\t\t\t\t\t\t\t\t\t<a href=\"https:\/\/www.google.com\/maps\/dir\/\/Localit%C3%A0+Porto+Vecchio,+9,+37019+Peschiera+del+Garda+VR\/@45.4402889,10.6472431,13z\/data=!4m8!4m7!1m0!1m5!1m1!1s0x4781e900183118df:0x55eaf7c9078f2dbf!2m2!1d10.6982297!2d45.4351391?entry=ttu&#038;g_ep=EgoyMDI1MDMxMi4wIKXMDSoJLDEwMjExNDUzSAFQAw%3D%3D\" target=\"_blank\">\n\n\t\t\t\t\t\t\t\t\t\t\t\t<span class=\"elementor-icon-list-icon\">\n\t\t\t\t\t\t\t<i aria-hidden=\"true\" class=\"lnr lnr-map-marker\"><\/i>\t\t\t\t\t\t<\/span>\n\t\t\t\t\t\t\t\t\t\t<span class=\"elementor-icon-list-text\"><strong>7 Ponti<\/strong> - Localit\u00e0 Porto Vecchio, 37019 Peschiera del Garda VR<\/span>\n\t\t\t\t\t\t\t\t\t\t\t<\/a>\n\t\t\t\t\t\t\t\t\t<\/li>\n\t\t\t\t\t\t\t\t<li class=\"elementor-icon-list-item\">\n\t\t\t\t\t\t\t\t\t\t\t<a href=\"tel:+39%20351%20408%206776\">\n\n\t\t\t\t\t\t\t\t\t\t\t\t<span class=\"elementor-icon-list-icon\">\n\t\t\t\t\t\t\t<i aria-hidden=\"true\" class=\"lnr lnr-phone-handset\"><\/i>\t\t\t\t\t\t<\/span>\n\t\t\t\t\t\t\t\t\t\t<span class=\"elementor-icon-list-text\">+39 351 408 6776<\/span>\n\t\t\t\t\t\t\t\t\t\t\t<\/a>\n\t\t\t\t\t\t\t\t\t<\/li>\n\t\t\t\t\t\t<\/ul>\n\t\t\t\t\t\t<\/div>\n\t\t\t\t<\/div>\n\t\t\t\t<div class=\"elementor-element elementor-element-e15a1ef elementor-widget__width-auto elementor-widget elementor-widget-button\" data-id=\"e15a1ef\" data-element_type=\"widget\" data-widget_type=\"button.default\">\n\t\t\t\t<div class=\"elementor-widget-container\">\n\t\t\t\t\t\t\t\t\t<div class=\"elementor-button-wrapper\">\n\t\t\t\t\t<a class=\"elementor-button elementor-button-link elementor-size-sm elementor-animation-float\" href=\"https:\/\/bellaitaliacycling.com\/de\/gps-tracks-fuer-radtouren\/abflug-von-7-bruecken\/\" target=\"_blank\">\n\t\t\t\t\t\t<span class=\"elementor-button-content-wrapper\">\n\t\t\t\t\t\t<span class=\"elementor-button-icon\">\n\t\t\t\t<i aria-hidden=\"true\" class=\" icon_pin\"><\/i>\t\t\t<\/span>\n\t\t\t\t\t\t\t\t\t<span class=\"elementor-button-text\">Start von 7 Br\u00fccken<\/span>\n\t\t\t\t\t<\/span>\n\t\t\t\t\t<\/a>\n\t\t\t\t<\/div>\n\t\t\t\t\t\t\t\t<\/div>\n\t\t\t\t<\/div>\n\t\t\t\t<\/div>\n\t\t<div class=\"elementor-element elementor-element-8d317da e-con-full e-flex e-con e-child\" data-id=\"8d317da\" data-element_type=\"container\">\n\t\t\t\t<div class=\"elementor-element elementor-element-880660c elementor-widget elementor-widget-image\" data-id=\"880660c\" data-element_type=\"widget\" data-widget_type=\"image.default\">\n\t\t\t\t<div class=\"elementor-widget-container\">\n\t\t\t\t\t\t\t\t\t\t\t\t\t\t\t<img decoding=\"async\" width=\"1080\" height=\"1080\" src=\"https:\/\/bellaitaliacycling.com\/wp-content\/uploads\/2025\/03\/noleggio-bici-la-littorina.jpg\" class=\"attachment-full size-full wp-image-2870\" alt=\"\" srcset=\"https:\/\/bellaitaliacycling.com\/wp-content\/uploads\/2025\/03\/noleggio-bici-la-littorina.jpg 1080w, https:\/\/bellaitaliacycling.com\/wp-content\/uploads\/2025\/03\/noleggio-bici-la-littorina-300x300.jpg 300w, https:\/\/bellaitaliacycling.com\/wp-content\/uploads\/2025\/03\/noleggio-bici-la-littorina-1024x1024.jpg 1024w, https:\/\/bellaitaliacycling.com\/wp-content\/uploads\/2025\/03\/noleggio-bici-la-littorina-150x150.jpg 150w, https:\/\/bellaitaliacycling.com\/wp-content\/uploads\/2025\/03\/noleggio-bici-la-littorina-768x768.jpg 768w, https:\/\/bellaitaliacycling.com\/wp-content\/uploads\/2025\/03\/noleggio-bici-la-littorina-600x600.jpg 600w, https:\/\/bellaitaliacycling.com\/wp-content\/uploads\/2025\/03\/noleggio-bici-la-littorina-100x100.jpg 100w\" sizes=\"(max-width: 1080px) 100vw, 1080px\" \/>\t\t\t\t\t\t\t\t\t\t\t\t\t\t\t<\/div>\n\t\t\t\t<\/div>\n\t\t\t\t<div class=\"elementor-element elementor-element-bdd34ef elementor-widget elementor-widget-heading\" data-id=\"bdd34ef\" data-element_type=\"widget\" data-widget_type=\"heading.default\">\n\t\t\t\t<div class=\"elementor-widget-container\">\n\t\t\t\t\t<h2 class=\"elementor-heading-title elementor-size-default\"><a href=\"https:\/\/bellaitaliacycling.com\/self-tour-in-bici\/partenza-da-la-littorina\/\">La Littorina<\/a><\/h2>\t\t\t\t<\/div>\n\t\t\t\t<\/div>\n\t\t\t\t<div class=\"elementor-element elementor-element-4d636b2 elementor-widget elementor-widget-text-editor\" data-id=\"4d636b2\" data-element_type=\"widget\" data-widget_type=\"text-editor.default\">\n\t\t\t\t<div class=\"elementor-widget-container\">\n\t\t\t\t\t\t\t\t\t<p>Entdecken Sie die online buchbaren Selbsttouren mit Startpunkt La Littorina (Valeggio sul Mincio).<\/p>\t\t\t\t\t\t\t\t<\/div>\n\t\t\t\t<\/div>\n\t\t\t\t<div class=\"elementor-element elementor-element-9292184 elementor-icon-list--layout-traditional elementor-list-item-link-full_width elementor-widget elementor-widget-icon-list\" data-id=\"9292184\" data-element_type=\"widget\" data-widget_type=\"icon-list.default\">\n\t\t\t\t<div class=\"elementor-widget-container\">\n\t\t\t\t\t\t\t<ul class=\"elementor-icon-list-items\">\n\t\t\t\t\t\t\t<li class=\"elementor-icon-list-item\">\n\t\t\t\t\t\t\t\t\t\t\t<a href=\"https:\/\/www.google.com\/maps\/dir\/\/Bicy+-+Bella+Italia+Cycling,+SR249,+Valeggio+sul+Mincio,+VR\/@45.4144243,10.676189,13z\/data=!3m1!4b1!4m8!4m7!1m0!1m5!1m1!1s0x4781e9007f924f4f:0x4b54cbff64cdff3f!2m2!1d10.7173842!2d45.4144312?entry=ttu&#038;g_ep=EgoyMDI1MDMxMi4wIKXMDSoJLDEwMjExNDUzSAFQAw%3D%3D\" target=\"_blank\">\n\n\t\t\t\t\t\t\t\t\t\t\t\t<span class=\"elementor-icon-list-icon\">\n\t\t\t\t\t\t\t<i aria-hidden=\"true\" class=\"lnr lnr-map-marker\"><\/i>\t\t\t\t\t\t<\/span>\n\t\t\t\t\t\t\t\t\t\t<span class=\"elementor-icon-list-text\"><strong>La Littorina <\/strong>- Via Gardesana Nord 241, 37067 Valeggio sul Mincio VR<\/span>\n\t\t\t\t\t\t\t\t\t\t\t<\/a>\n\t\t\t\t\t\t\t\t\t<\/li>\n\t\t\t\t\t\t\t\t<li class=\"elementor-icon-list-item\">\n\t\t\t\t\t\t\t\t\t\t\t<a href=\"tel:+39%20351%20408%206776\">\n\n\t\t\t\t\t\t\t\t\t\t\t\t<span class=\"elementor-icon-list-icon\">\n\t\t\t\t\t\t\t<i aria-hidden=\"true\" class=\"lnr lnr-phone-handset\"><\/i>\t\t\t\t\t\t<\/span>\n\t\t\t\t\t\t\t\t\t\t<span class=\"elementor-icon-list-text\">+39 351 408 6776<\/span>\n\t\t\t\t\t\t\t\t\t\t\t<\/a>\n\t\t\t\t\t\t\t\t\t<\/li>\n\t\t\t\t\t\t<\/ul>\n\t\t\t\t\t\t<\/div>\n\t\t\t\t<\/div>\n\t\t\t\t<div class=\"elementor-element elementor-element-62ddf7a elementor-widget__width-auto elementor-widget elementor-widget-button\" data-id=\"62ddf7a\" data-element_type=\"widget\" data-widget_type=\"button.default\">\n\t\t\t\t<div class=\"elementor-widget-container\">\n\t\t\t\t\t\t\t\t\t<div class=\"elementor-button-wrapper\">\n\t\t\t\t\t<a class=\"elementor-button elementor-button-link elementor-size-sm elementor-animation-float\" href=\"https:\/\/bellaitaliacycling.com\/self-tour-in-bici\/partenza-da-la-littorina\/\" target=\"_blank\">\n\t\t\t\t\t\t<span class=\"elementor-button-content-wrapper\">\n\t\t\t\t\t\t<span class=\"elementor-button-icon\">\n\t\t\t\t<i aria-hidden=\"true\" class=\" icon_pin\"><\/i>\t\t\t<\/span>\n\t\t\t\t\t\t\t\t\t<span class=\"elementor-button-text\">Urlaub von la Littorina<\/span>\n\t\t\t\t\t<\/span>\n\t\t\t\t\t<\/a>\n\t\t\t\t<\/div>\n\t\t\t\t\t\t\t\t<\/div>\n\t\t\t\t<\/div>\n\t\t\t\t<\/div>\n\t\t\t\t<\/div>\n\t\t\t\t\t<\/div>\n\t\t\t\t<\/div>\n\t\t\t\t<\/div>\n\t\t","protected":false},"excerpt":{"rendered":"<p>Wenn Sie auf der Suche nach einer neuen Route sind, die Sie in v\u00f6lliger Autonomie mit dem Fahrrad bew\u00e4ltigen k\u00f6nnen, w\u00e4hlen Sie aus den vorgeschlagenen Touren diejenige aus, die Sie am meisten fasziniert. Selbst-Tour mit BellA ITALIA Suchen Sie einen n\u00e4heren Ausgangspunkt? W\u00e4hlen Sie eine andere der verf\u00fcgbaren Optionen! 7 POnten Entdecken Sie die online [&hellip;]<\/p>\n","protected":false},"author":1,"featured_media":3053,"parent":3723,"menu_order":0,"comment_status":"closed","ping_status":"closed","template":"","meta":{"_acf_changed":false,"footnotes":""},"class_list":["post-5122","page","type-page","status-publish","has-post-thumbnail","hentry"],"acf":[],"yoast_head":"<!-- This site is optimized with the Yoast SEO plugin v26.3 - https:\/\/yoast.com\/wordpress\/plugins\/seo\/ -->\n<title>Abreise aus Bella Italia - Bella Italia Cycling<\/title>\n<meta name=\"description\" content=\"GPX-Tracks f\u00fcr Radtouren am Gardasee. Laden Sie die von Ihnen bevorzugten Tracks herunter und radeln Sie los.\" \/>\n<meta name=\"robots\" content=\"index, follow, max-snippet:-1, max-image-preview:large, max-video-preview:-1\" \/>\n<link rel=\"canonical\" href=\"https:\/\/bellaitaliacycling.com\/de\/gps-tracks-fuer-radtouren\/abreise-aus-bella-italia\/\" \/>\n<meta property=\"og:locale\" content=\"de_DE\" \/>\n<meta property=\"og:type\" content=\"article\" \/>\n<meta property=\"og:title\" content=\"Abreise aus Bella Italia - Bella Italia Cycling\" \/>\n<meta property=\"og:description\" content=\"GPX-Tracks f\u00fcr Radtouren am Gardasee. Laden Sie die von Ihnen bevorzugten Tracks herunter und radeln Sie los.\" \/>\n<meta property=\"og:url\" content=\"https:\/\/bellaitaliacycling.com\/de\/gps-tracks-fuer-radtouren\/abreise-aus-bella-italia\/\" \/>\n<meta property=\"og:site_name\" content=\"Bella Italia Cycling\" \/>\n<meta property=\"article:publisher\" content=\"https:\/\/www.facebook.com\/p\/Bella-Italia-CYcling-61557438540626\/\" \/>\n<meta property=\"article:modified_time\" content=\"2025-04-16T11:04:35+00:00\" \/>\n<meta property=\"og:image\" content=\"https:\/\/bellaitaliacycling.com\/wp-content\/uploads\/2025\/03\/bike.jpg\" \/>\n\t<meta property=\"og:image:width\" content=\"600\" \/>\n\t<meta property=\"og:image:height\" content=\"600\" \/>\n\t<meta property=\"og:image:type\" content=\"image\/jpeg\" \/>\n<meta name=\"twitter:card\" content=\"summary_large_image\" \/>\n<meta name=\"twitter:label1\" content=\"Gesch\u00e4tzte Lesezeit\" \/>\n\t<meta name=\"twitter:data1\" content=\"1\u00a0Minute\" \/>\n<script type=\"application\/ld+json\" class=\"yoast-schema-graph\">{\"@context\":\"https:\/\/schema.org\",\"@graph\":[{\"@type\":\"WebPage\",\"@id\":\"https:\/\/bellaitaliacycling.com\/de\/gps-tracks-fuer-radtouren\/abreise-aus-bella-italia\/\",\"url\":\"https:\/\/bellaitaliacycling.com\/de\/gps-tracks-fuer-radtouren\/abreise-aus-bella-italia\/\",\"name\":\"Abreise aus Bella Italia - Bella Italia Cycling\",\"isPartOf\":{\"@id\":\"https:\/\/bellaitaliacycling.com\/de\/#website\"},\"primaryImageOfPage\":{\"@id\":\"https:\/\/bellaitaliacycling.com\/de\/gps-tracks-fuer-radtouren\/abreise-aus-bella-italia\/#primaryimage\"},\"image\":{\"@id\":\"https:\/\/bellaitaliacycling.com\/de\/gps-tracks-fuer-radtouren\/abreise-aus-bella-italia\/#primaryimage\"},\"thumbnailUrl\":\"https:\/\/bellaitaliacycling.com\/wp-content\/uploads\/2025\/03\/bike.jpg\",\"datePublished\":\"2025-04-15T09:54:01+00:00\",\"dateModified\":\"2025-04-16T11:04:35+00:00\",\"description\":\"GPX-Tracks f\u00fcr Radtouren am Gardasee. Laden Sie die von Ihnen bevorzugten Tracks herunter und radeln Sie los.\",\"breadcrumb\":{\"@id\":\"https:\/\/bellaitaliacycling.com\/de\/gps-tracks-fuer-radtouren\/abreise-aus-bella-italia\/#breadcrumb\"},\"inLanguage\":\"de\",\"potentialAction\":[{\"@type\":\"ReadAction\",\"target\":[\"https:\/\/bellaitaliacycling.com\/de\/gps-tracks-fuer-radtouren\/abreise-aus-bella-italia\/\"]}]},{\"@type\":\"ImageObject\",\"inLanguage\":\"de\",\"@id\":\"https:\/\/bellaitaliacycling.com\/de\/gps-tracks-fuer-radtouren\/abreise-aus-bella-italia\/#primaryimage\",\"url\":\"https:\/\/bellaitaliacycling.com\/wp-content\/uploads\/2025\/03\/bike.jpg\",\"contentUrl\":\"https:\/\/bellaitaliacycling.com\/wp-content\/uploads\/2025\/03\/bike.jpg\",\"width\":600,\"height\":600},{\"@type\":\"BreadcrumbList\",\"@id\":\"https:\/\/bellaitaliacycling.com\/de\/gps-tracks-fuer-radtouren\/abreise-aus-bella-italia\/#breadcrumb\",\"itemListElement\":[{\"@type\":\"ListItem\",\"position\":1,\"name\":\"Startseite\",\"item\":\"https:\/\/bellaitaliacycling.com\/de\/\"},{\"@type\":\"ListItem\",\"position\":2,\"name\":\"Selbsttour mit dem Fahrrad\",\"item\":\"https:\/\/bellaitaliacycling.com\/de\/self-tour-in-bici\/\"},{\"@type\":\"ListItem\",\"position\":3,\"name\":\"Abreise aus Bella Italia\"}]},{\"@type\":\"WebSite\",\"@id\":\"https:\/\/bellaitaliacycling.com\/de\/#website\",\"url\":\"https:\/\/bellaitaliacycling.com\/de\/\",\"name\":\"Bella Italia Cycling\",\"description\":\"Noleggio bici sul lago di Garda\",\"publisher\":{\"@id\":\"https:\/\/bellaitaliacycling.com\/de\/#organization\"},\"potentialAction\":[{\"@type\":\"SearchAction\",\"target\":{\"@type\":\"EntryPoint\",\"urlTemplate\":\"https:\/\/bellaitaliacycling.com\/de\/?s={search_term_string}\"},\"query-input\":{\"@type\":\"PropertyValueSpecification\",\"valueRequired\":true,\"valueName\":\"search_term_string\"}}],\"inLanguage\":\"de\"},{\"@type\":\"Organization\",\"@id\":\"https:\/\/bellaitaliacycling.com\/de\/#organization\",\"name\":\"Bella Italia Radfahren\",\"url\":\"https:\/\/bellaitaliacycling.com\/de\/\",\"logo\":{\"@type\":\"ImageObject\",\"inLanguage\":\"de\",\"@id\":\"https:\/\/bellaitaliacycling.com\/de\/#\/schema\/logo\/image\/\",\"url\":\"https:\/\/bellaitaliacycling.com\/wp-content\/uploads\/2024\/12\/logo-bicy-semplice.png\",\"contentUrl\":\"https:\/\/bellaitaliacycling.com\/wp-content\/uploads\/2024\/12\/logo-bicy-semplice.png\",\"width\":1000,\"height\":515,\"caption\":\"Bella Italia Radfahren\"},\"image\":{\"@id\":\"https:\/\/bellaitaliacycling.com\/de\/#\/schema\/logo\/image\/\"},\"sameAs\":[\"https:\/\/www.facebook.com\/p\/Bella-Italia-CYcling-61557438540626\/\"]}]}<\/script>\n<!-- \/ Yoast SEO plugin. -->","yoast_head_json":{"title":"Abreise aus Bella Italia - Bella Italia Cycling","description":"GPX-Tracks f\u00fcr Radtouren am Gardasee. Laden Sie die von Ihnen bevorzugten Tracks herunter und radeln Sie los.","robots":{"index":"index","follow":"follow","max-snippet":"max-snippet:-1","max-image-preview":"max-image-preview:large","max-video-preview":"max-video-preview:-1"},"canonical":"https:\/\/bellaitaliacycling.com\/de\/gps-tracks-fuer-radtouren\/abreise-aus-bella-italia\/","og_locale":"de_DE","og_type":"article","og_title":"Abreise aus Bella Italia - Bella Italia Cycling","og_description":"GPX-Tracks f\u00fcr Radtouren am Gardasee. Laden Sie die von Ihnen bevorzugten Tracks herunter und radeln Sie los.","og_url":"https:\/\/bellaitaliacycling.com\/de\/gps-tracks-fuer-radtouren\/abreise-aus-bella-italia\/","og_site_name":"Bella Italia Cycling","article_publisher":"https:\/\/www.facebook.com\/p\/Bella-Italia-CYcling-61557438540626\/","article_modified_time":"2025-04-16T11:04:35+00:00","og_image":[{"width":600,"height":600,"url":"https:\/\/bellaitaliacycling.com\/wp-content\/uploads\/2025\/03\/bike.jpg","type":"image\/jpeg"}],"twitter_card":"summary_large_image","twitter_misc":{"Gesch\u00e4tzte Lesezeit":"1\u00a0Minute"},"schema":{"@context":"https:\/\/schema.org","@graph":[{"@type":"WebPage","@id":"https:\/\/bellaitaliacycling.com\/de\/gps-tracks-fuer-radtouren\/abreise-aus-bella-italia\/","url":"https:\/\/bellaitaliacycling.com\/de\/gps-tracks-fuer-radtouren\/abreise-aus-bella-italia\/","name":"Abreise aus Bella Italia - Bella Italia Cycling","isPartOf":{"@id":"https:\/\/bellaitaliacycling.com\/de\/#website"},"primaryImageOfPage":{"@id":"https:\/\/bellaitaliacycling.com\/de\/gps-tracks-fuer-radtouren\/abreise-aus-bella-italia\/#primaryimage"},"image":{"@id":"https:\/\/bellaitaliacycling.com\/de\/gps-tracks-fuer-radtouren\/abreise-aus-bella-italia\/#primaryimage"},"thumbnailUrl":"https:\/\/bellaitaliacycling.com\/wp-content\/uploads\/2025\/03\/bike.jpg","datePublished":"2025-04-15T09:54:01+00:00","dateModified":"2025-04-16T11:04:35+00:00","description":"GPX-Tracks f\u00fcr Radtouren am Gardasee. Laden Sie die von Ihnen bevorzugten Tracks herunter und radeln Sie los.","breadcrumb":{"@id":"https:\/\/bellaitaliacycling.com\/de\/gps-tracks-fuer-radtouren\/abreise-aus-bella-italia\/#breadcrumb"},"inLanguage":"de","potentialAction":[{"@type":"ReadAction","target":["https:\/\/bellaitaliacycling.com\/de\/gps-tracks-fuer-radtouren\/abreise-aus-bella-italia\/"]}]},{"@type":"ImageObject","inLanguage":"de","@id":"https:\/\/bellaitaliacycling.com\/de\/gps-tracks-fuer-radtouren\/abreise-aus-bella-italia\/#primaryimage","url":"https:\/\/bellaitaliacycling.com\/wp-content\/uploads\/2025\/03\/bike.jpg","contentUrl":"https:\/\/bellaitaliacycling.com\/wp-content\/uploads\/2025\/03\/bike.jpg","width":600,"height":600},{"@type":"BreadcrumbList","@id":"https:\/\/bellaitaliacycling.com\/de\/gps-tracks-fuer-radtouren\/abreise-aus-bella-italia\/#breadcrumb","itemListElement":[{"@type":"ListItem","position":1,"name":"Startseite","item":"https:\/\/bellaitaliacycling.com\/de\/"},{"@type":"ListItem","position":2,"name":"Selbsttour mit dem Fahrrad","item":"https:\/\/bellaitaliacycling.com\/de\/self-tour-in-bici\/"},{"@type":"ListItem","position":3,"name":"Abreise aus Bella Italia"}]},{"@type":"WebSite","@id":"https:\/\/bellaitaliacycling.com\/de\/#website","url":"https:\/\/bellaitaliacycling.com\/de\/","name":"Bella Italia Cycling","description":"Noleggio bici sul lago di Garda","publisher":{"@id":"https:\/\/bellaitaliacycling.com\/de\/#organization"},"potentialAction":[{"@type":"SearchAction","target":{"@type":"EntryPoint","urlTemplate":"https:\/\/bellaitaliacycling.com\/de\/?s={search_term_string}"},"query-input":{"@type":"PropertyValueSpecification","valueRequired":true,"valueName":"search_term_string"}}],"inLanguage":"de"},{"@type":"Organization","@id":"https:\/\/bellaitaliacycling.com\/de\/#organization","name":"Bella Italia Radfahren","url":"https:\/\/bellaitaliacycling.com\/de\/","logo":{"@type":"ImageObject","inLanguage":"de","@id":"https:\/\/bellaitaliacycling.com\/de\/#\/schema\/logo\/image\/","url":"https:\/\/bellaitaliacycling.com\/wp-content\/uploads\/2024\/12\/logo-bicy-semplice.png","contentUrl":"https:\/\/bellaitaliacycling.com\/wp-content\/uploads\/2024\/12\/logo-bicy-semplice.png","width":1000,"height":515,"caption":"Bella Italia Radfahren"},"image":{"@id":"https:\/\/bellaitaliacycling.com\/de\/#\/schema\/logo\/image\/"},"sameAs":["https:\/\/www.facebook.com\/p\/Bella-Italia-CYcling-61557438540626\/"]}]}},"_links":{"self":[{"href":"https:\/\/bellaitaliacycling.com\/de\/wp-json\/wp\/v2\/pages\/5122","targetHints":{"allow":["GET"]}}],"collection":[{"href":"https:\/\/bellaitaliacycling.com\/de\/wp-json\/wp\/v2\/pages"}],"about":[{"href":"https:\/\/bellaitaliacycling.com\/de\/wp-json\/wp\/v2\/types\/page"}],"author":[{"embeddable":true,"href":"https:\/\/bellaitaliacycling.com\/de\/wp-json\/wp\/v2\/users\/1"}],"replies":[{"embeddable":true,"href":"https:\/\/bellaitaliacycling.com\/de\/wp-json\/wp\/v2\/comments?post=5122"}],"version-history":[{"count":2,"href":"https:\/\/bellaitaliacycling.com\/de\/wp-json\/wp\/v2\/pages\/5122\/revisions"}],"predecessor-version":[{"id":5183,"href":"https:\/\/bellaitaliacycling.com\/de\/wp-json\/wp\/v2\/pages\/5122\/revisions\/5183"}],"up":[{"embeddable":true,"href":"https:\/\/bellaitaliacycling.com\/de\/wp-json\/wp\/v2\/pages\/3723"}],"wp:featuredmedia":[{"embeddable":true,"href":"https:\/\/bellaitaliacycling.com\/de\/wp-json\/wp\/v2\/media\/3053"}],"wp:attachment":[{"href":"https:\/\/bellaitaliacycling.com\/de\/wp-json\/wp\/v2\/media?parent=5122"}],"curies":[{"name":"wp","href":"https:\/\/api.w.org\/{rel}","templated":true}]}}